{"id":23075,"date":"2016-06-13T16:45:11","date_gmt":"2016-06-13T15:45:11","guid":{"rendered":"https:\/\/www.lariete.org\/en\/gaestebuch\/"},"modified":"2018-08-28T16:42:28","modified_gmt":"2018-08-28T15:42:28","slug":"guestbook","status":"publish","type":"page","link":"https:\/\/lariete.org\/en\/guestbook\/","title":{"rendered":"Guestbook"},"content":{"rendered":"<div class=\"fusion-fullwidth fullwidth-box fusion-builder-row-1 hundred-percent-fullwidth non-hundred-percent-height-scrolling\" style=\"--awb-border-radius-top-left:0px;--awb-border-radius-top-right:0px;--awb-border-radius-bottom-right:0px;--awb-border-radius-bottom-left:0px;--awb-overflow:visible;--awb-padding-right:100px;--awb-padding-left:100px;--awb-flex-wrap:wrap;\" ><div class=\"fusion-builder-row fusion-row\"><div class=\"fusion-layout-column fusion_builder_column fusion-builder-column-0 fusion_builder_column_1_1 1_1 fusion-one-full fusion-column-first fusion-column-last\" style=\"--awb-bg-size:cover;\"><div class=\"fusion-column-wrapper fusion-flex-column-wrapper-legacy\"><div class=\"fusion-text fusion-text-1\"><h1 style=\"text-align: center;\">Guestbook<\/h1>\n<p style=\"text-align: center;\">Unfiltered\u00a0&#8211; Our guests&#8217; view of Countryhouse L&#8217;ARIETE &#8211; Browse through their\u00a0reviews\u00a0they posted\u00a0on the\u00a0booking platforms<\/p>\n<\/div><div class=\"fusion-sep-clear\"><\/div><div class=\"fusion-separator fusion-full-width-sep\" style=\"margin-left: auto;margin-right: auto;width:100%;\"><div class=\"fusion-separator-border sep-shadow\" style=\"--awb-height:20px;--awb-amount:20px;background:radial-gradient(ellipse at 50% -50% , #e0dede 0px, rgba(255, 255, 255, 0) 80%) repeat scroll 0 0 rgba(0, 0, 0, 0);background:-webkit-radial-gradient(ellipse at 50% -50% , #e0dede 0px, rgba(255, 255, 255, 0) 80%) repeat scroll 0 0 rgba(0, 0, 0, 0);background:-moz-radial-gradient(ellipse at 50% -50% , #e0dede 0px, rgba(255, 255, 255, 0) 80%) repeat scroll 0 0 rgba(0, 0, 0, 0);background:-o-radial-gradient(ellipse at 50% -50% , #e0dede 0px, rgba(255, 255, 255, 0) 80%) repeat scroll 0 0 rgba(0, 0, 0, 0);\"><\/div><\/div><div class=\"fusion-sep-clear\"><\/div><div class=\"fusion-clearfix\"><\/div><\/div><\/div><div class=\"fusion-layout-column fusion_builder_column fusion-builder-column-1 fusion_builder_column_1_3 1_3 fusion-one-third fusion-column-first\" style=\"--awb-bg-size:cover;width:30.6666%; margin-right: 4%;\"><div class=\"fusion-column-wrapper fusion-flex-column-wrapper-legacy\"><div class=\"fusion-image-element fusion-image-align-center in-legacy-container\" style=\"text-align:center;--awb-caption-title-font-family:var(--h2_typography-font-family);--awb-caption-title-font-weight:var(--h2_typography-font-weight);--awb-caption-title-font-style:var(--h2_typography-font-style);--awb-caption-title-size:var(--h2_typography-font-size);--awb-caption-title-transform:var(--h2_typography-text-transform);--awb-caption-title-line-height:var(--h2_typography-line-height);--awb-caption-title-letter-spacing:var(--h2_typography-letter-spacing);\"><div class=\"imageframe-align-center\"><span class=\" fusion-imageframe imageframe-none imageframe-1 hover-type-none\" style=\"border:20px solid #ffffff;\"><a class=\"fusion-no-lightbox\" href=\"https:\/\/www.homeaway.co.uk\/p492985#reviews\" target=\"_blank\" rel=\"noopener noreferrer\"><img decoding=\"async\" src=\"https:\/\/www.lariete.org\/wordpress\/wp-content\/uploads\/2016\/06\/homeaway.png\" alt class=\"img-responsive\"\/><\/a><\/span><\/div><\/div><div class=\"fusion-testimonials classic awb-speech-bubble-show fusion-testimonials-1\" style=\"--awb-textcolor:#747474;--awb-backgroundcolor:rgba(255,255,255,0);--awb-testimonial-border-style:solid;--awb-testimonial-border-color:var(--awb-color3);--awb-border-top-left-radius:0px;--awb-border-top-right-radius:0px;--awb-border-bottom-left-radius:0px;--awb-border-bottom-right-radius:0px;--testimonial-border-width-top:0px;--testimonial-border-width-right:0px;--testimonial-border-width-bottom:0px;--testimonial-border-width-left:0px;\" data-random=\"0\" data-speed=\"4000\"><div class=\"reviews\"><div class=\"review active-testimonial avatar-image\"><blockquote><div class=\"awb-quote\"><div class=\"awb-quote-content\">Lovely Getaway with Onsite Restaurant<br \/>\nWe came to know L\u2019Ariete through the many positive reviews found on various travel websites, but it was our weeklong stay that confirmed such reviews&#8230;&#8230;<\/div><\/div><span class=\"awb-triangle\"><\/span><\/blockquote><div class=\"author\"><span class=\"testimonial-thumbnail\"><img decoding=\"async\" class=\"testimonial-image\" src=\"https:\/\/www.lariete.org\/wordpress\/wp-content\/uploads\/2016\/06\/homeaway.png\" \/><\/span><span class=\"company-name\"><strong>HomeAway<\/strong><span>, <\/span><a href=\"https:\/\/www.homeaway.co.uk\/p492985#reviews\" target=\"_blank\" rel=\"noopener noreferrer\"><span>(read more)<\/span><\/a><\/span><\/div><\/div><\/div><\/div><div class=\"fusion-image-element fusion-image-align-center in-legacy-container\" style=\"text-align:center;--awb-caption-title-font-family:var(--h2_typography-font-family);--awb-caption-title-font-weight:var(--h2_typography-font-weight);--awb-caption-title-font-style:var(--h2_typography-font-style);--awb-caption-title-size:var(--h2_typography-font-size);--awb-caption-title-transform:var(--h2_typography-text-transform);--awb-caption-title-line-height:var(--h2_typography-line-height);--awb-caption-title-letter-spacing:var(--h2_typography-letter-spacing);\"><div class=\"imageframe-align-center\"><span class=\" fusion-imageframe imageframe-none imageframe-2 hover-type-none\" style=\"border:20px solid #ffffff;\"><a class=\"fusion-no-lightbox\" href=\"https:\/\/www.oneoffplaces.co.uk\/Europe\/Italy\/Umbria\/LARIETE\" target=\"_blank\" rel=\"noopener noreferrer\"><img decoding=\"async\" src=\"https:\/\/www.lariete.org\/wordpress\/wp-content\/uploads\/2016\/06\/oneoffplaces-logo.png\" alt class=\"img-responsive\"\/><\/a><\/span><\/div><\/div><div class=\"fusion-testimonials classic awb-speech-bubble-show fusion-testimonials-2\" style=\"--awb-textcolor:#747474;--awb-backgroundcolor:rgba(255,255,255,0);--awb-testimonial-border-style:solid;--awb-testimonial-border-color:var(--awb-color3);--awb-border-top-left-radius:0px;--awb-border-top-right-radius:0px;--awb-border-bottom-left-radius:0px;--awb-border-bottom-right-radius:0px;--testimonial-border-width-top:0px;--testimonial-border-width-right:0px;--testimonial-border-width-bottom:0px;--testimonial-border-width-left:0px;\" data-random=\"0\" data-speed=\"4000\"><div class=\"reviews\"><div class=\"review active-testimonial avatar-image\"><blockquote><div class=\"awb-quote\"><div class=\"awb-quote-content\">Harriet (Stockholm)<br \/>\nMy husband and I visited L&#8217;Ariete in Umbria for a 4 nights last week and had a wonderful time! The room was spotless and filled with rustic Italian charm and love &#8230;.<\/div><\/div><span class=\"awb-triangle\"><\/span><\/blockquote><div class=\"author\"><span class=\"testimonial-thumbnail\"><img decoding=\"async\" class=\"testimonial-image\" src=\"https:\/\/www.lariete.org\/wordpress\/wp-content\/uploads\/2016\/06\/oneoffplaces-logo.png\" \/><\/span><span class=\"company-name\"><strong>oneoffplaces<\/strong><span>, <\/span><a href=\"https:\/\/www.oneoffplaces.co.uk\/Europe\/Italy\/Umbria\/LARIETE\" target=\"_blank\" rel=\"noopener noreferrer\"><span>(read more)<\/span><\/a><\/span><\/div><\/div><\/div><\/div><div class=\"fusion-image-element fusion-image-align-center in-legacy-container\" style=\"text-align:center;--awb-caption-title-font-family:var(--h2_typography-font-family);--awb-caption-title-font-weight:var(--h2_typography-font-weight);--awb-caption-title-font-style:var(--h2_typography-font-style);--awb-caption-title-size:var(--h2_typography-font-size);--awb-caption-title-transform:var(--h2_typography-text-transform);--awb-caption-title-line-height:var(--h2_typography-line-height);--awb-caption-title-letter-spacing:var(--h2_typography-letter-spacing);\"><div class=\"imageframe-align-center\"><span class=\" fusion-imageframe imageframe-none imageframe-3 hover-type-none\"><a class=\"fusion-no-lightbox\" href=\"https:\/\/www.tripadvisor.co.uk\/Hotel_Review-g656849-d1995025-Reviews-Countryhouse_L_Ariete-Montone_Province_of_Perugia_Umbria.html\" target=\"_blank\" rel=\"noopener noreferrer\"><img decoding=\"async\" src=\"https:\/\/www.lariete.org\/wordpress\/wp-content\/uploads\/2015\/01\/tripadvisor_43.jpg\" alt class=\"img-responsive\"\/><\/a><\/span><\/div><\/div><div class=\"fusion-testimonials classic awb-speech-bubble-show fusion-testimonials-3\" style=\"--awb-textcolor:#747474;--awb-backgroundcolor:rgba(255,255,255,0);--awb-testimonial-border-style:solid;--awb-testimonial-border-color:var(--awb-color3);--awb-border-top-left-radius:0px;--awb-border-top-right-radius:0px;--awb-border-bottom-left-radius:0px;--awb-border-bottom-right-radius:0px;--testimonial-border-width-top:0px;--testimonial-border-width-right:0px;--testimonial-border-width-bottom:0px;--testimonial-border-width-left:0px;\" data-random=\"0\" data-speed=\"4000\"><div class=\"reviews\"><div class=\"review active-testimonial avatar-image\"><blockquote><div class=\"awb-quote\"><div class=\"awb-quote-content\">\u201cA Slice of Peaceful Living\u201d<br \/>\nOur stay at L\u2019Ariete was a wonderful, relaxing contrast after touring Rome and Florence. Cooking for ourselves (courtesy of farm fresh produce plus a well-stocked pantry and refrigerator), relaxing by the pool, or simply roaming the tranquil property made for an ideal experience in Umbrian country living. Andreas and Martina were gracious and helpful hosts, and were constantly available to&#8230;<\/div><\/div><span class=\"awb-triangle\"><\/span><\/blockquote><div class=\"author\"><span class=\"testimonial-thumbnail\"><img decoding=\"async\" class=\"testimonial-image\" src=\"https:\/\/www.lariete.org\/wordpress\/wp-content\/uploads\/2015\/01\/tripadvisor_43.jpg\" \/><\/span><span class=\"company-name\"><strong>tripadvisor<\/strong><span>, <\/span><a href=\"https:\/\/www.tripadvisor.co.uk\/Hotel_Review-g656849-d1995025-Reviews-Countryhouse_L_Ariete-Montone_Province_of_Perugia_Umbria.html\" target=\"_blank\" rel=\"noopener noreferrer\"><span>(read more)<\/span><\/a><\/span><\/div><\/div><\/div><\/div><div class=\"fusion-clearfix\"><\/div><\/div><\/div><div class=\"fusion-layout-column fusion_builder_column fusion-builder-column-2 fusion_builder_column_1_3 1_3 fusion-one-third\" style=\"--awb-bg-size:cover;width:30.6666%; margin-right: 4%;\"><div class=\"fusion-column-wrapper fusion-flex-column-wrapper-legacy\"><div class=\"fusion-image-element fusion-image-align-center in-legacy-container\" style=\"text-align:center;--awb-caption-title-font-family:var(--h2_typography-font-family);--awb-caption-title-font-weight:var(--h2_typography-font-weight);--awb-caption-title-font-style:var(--h2_typography-font-style);--awb-caption-title-size:var(--h2_typography-font-size);--awb-caption-title-transform:var(--h2_typography-text-transform);--awb-caption-title-line-height:var(--h2_typography-line-height);--awb-caption-title-letter-spacing:var(--h2_typography-letter-spacing);\"><div class=\"imageframe-align-center\"><span class=\" fusion-imageframe imageframe-none imageframe-4 hover-type-none\"><img decoding=\"async\" src=\"https:\/\/www.lariete.org\/wordpress\/wp-content\/uploads\/2014\/12\/SawdaysMembershipBadge-Black-e1442860033289.jpg\" alt class=\"img-responsive\"\/><\/span><\/div><\/div><div class=\"fusion-testimonials classic awb-speech-bubble-show fusion-testimonials-4\" style=\"--awb-textcolor:#747474;--awb-backgroundcolor:rgba(255,255,255,0);--awb-testimonial-border-style:solid;--awb-testimonial-border-color:var(--awb-color3);--awb-border-top-left-radius:0px;--awb-border-top-right-radius:0px;--awb-border-bottom-left-radius:0px;--awb-border-bottom-right-radius:0px;--testimonial-border-width-top:0px;--testimonial-border-width-right:0px;--testimonial-border-width-bottom:0px;--testimonial-border-width-left:0px;\" data-random=\"0\" data-speed=\"4000\"><div class=\"reviews\"><div class=\"review active-testimonial avatar-image\"><blockquote><div class=\"awb-quote\"><div class=\"awb-quote-content\">&#8220;Our stay at L&#8217;Ariete was wonderful, all the things a holiday should be. An extraordinary combination of wonderful, artisanal food (beautifully cooked by Martina) &#8230; <\/div><\/div><span class=\"awb-triangle\"><\/span><\/blockquote><div class=\"author\"><span class=\"testimonial-thumbnail\"><img decoding=\"async\" class=\"testimonial-image\" src=\"https:\/\/www.lariete.org\/wordpress\/wp-content\/uploads\/2014\/12\/SawdaysMembershipBadge-Black-e1442860033289.jpg\" \/><\/span><span class=\"company-name\"><strong>Sawdays<\/strong><span>, <\/span><a href=\"https:\/\/www.sawdays.co.uk\/italy\/umbria\/perugia\/l-ariete\" target=\"_blank\" rel=\"noopener noreferrer\"><span>(read more)<\/span><\/a><\/span><\/div><\/div><\/div><\/div><div class=\"fusion-image-element fusion-image-align-center in-legacy-container\" style=\"text-align:center;--awb-caption-title-font-family:var(--h2_typography-font-family);--awb-caption-title-font-weight:var(--h2_typography-font-weight);--awb-caption-title-font-style:var(--h2_typography-font-style);--awb-caption-title-size:var(--h2_typography-font-size);--awb-caption-title-transform:var(--h2_typography-text-transform);--awb-caption-title-line-height:var(--h2_typography-line-height);--awb-caption-title-letter-spacing:var(--h2_typography-letter-spacing);\"><div class=\"imageframe-align-center\"><span class=\" fusion-imageframe imageframe-none imageframe-5 hover-type-none\" style=\"border:20px solid #ffffff;\"><a class=\"fusion-no-lightbox\" href=\"https:\/\/www.traum-ferienwohnungen.de\/40800\/?sid=228badabfa09ac1edf2a26c1ffc98a30\" target=\"_blank\" rel=\"noopener noreferrer\"><img decoding=\"async\" src=\"https:\/\/www.lariete.org\/wordpress\/wp-content\/uploads\/2016\/06\/traum-ferienwohnungen-logo.png\" alt class=\"img-responsive\"\/><\/a><\/span><\/div><\/div><div class=\"fusion-testimonials classic awb-speech-bubble-show fusion-testimonials-5\" style=\"--awb-textcolor:#747474;--awb-backgroundcolor:rgba(255,255,255,0);--awb-testimonial-border-style:solid;--awb-testimonial-border-color:var(--awb-color3);--awb-border-top-left-radius:0px;--awb-border-top-right-radius:0px;--awb-border-bottom-left-radius:0px;--awb-border-bottom-right-radius:0px;--testimonial-border-width-top:0px;--testimonial-border-width-right:0px;--testimonial-border-width-bottom:0px;--testimonial-border-width-left:0px;\" data-random=\"0\" data-speed=\"4000\"><div class=\"reviews\"><div class=\"review active-testimonial avatar-image\"><blockquote><div class=\"awb-quote\"><div class=\"awb-quote-content\">Beste Entscheidung! Traumhaftes Urlaubsdomizil<\/p>\n<p>Die Entscheidung unseren Urlaub in Ariete zu verbringen war das Beste was uns passieren konnte. Noch nie hatten wir eine so wundersch\u00f6ne, liebevoll gestaltete Unterkunft. Unser Appartement (&#8230;.)<\/div><\/div><span class=\"awb-triangle\"><\/span><\/blockquote><div class=\"author\"><span class=\"testimonial-thumbnail\"><img decoding=\"async\" class=\"testimonial-image\" src=\"https:\/\/www.lariete.org\/wordpress\/wp-content\/uploads\/2016\/06\/traum-ferienwohnungen-logo.png\" \/><\/span><span class=\"company-name\"><strong>Traum-Ferienwohnungen<\/strong><span>, <\/span><a href=\"https:\/\/www.traum-ferienwohnungen.de\/40800\/?sid=228badabfa09ac1edf2a26c1ffc98a30\" target=\"_blank\" rel=\"noopener noreferrer\"><span>(read more)<\/span><\/a><\/span><\/div><\/div><\/div><\/div><div class=\"fusion-clearfix\"><\/div><\/div><\/div><div class=\"fusion-layout-column fusion_builder_column fusion-builder-column-3 fusion_builder_column_1_3 1_3 fusion-one-third fusion-column-last\" style=\"--awb-bg-size:cover;width:30.6666%;\"><div class=\"fusion-column-wrapper fusion-flex-column-wrapper-legacy\"><div class=\"fusion-image-element fusion-image-align-center in-legacy-container\" style=\"text-align:center;--awb-caption-title-font-family:var(--h2_typography-font-family);--awb-caption-title-font-weight:var(--h2_typography-font-weight);--awb-caption-title-font-style:var(--h2_typography-font-style);--awb-caption-title-size:var(--h2_typography-font-size);--awb-caption-title-transform:var(--h2_typography-text-transform);--awb-caption-title-line-height:var(--h2_typography-line-height);--awb-caption-title-letter-spacing:var(--h2_typography-letter-spacing);\"><div class=\"imageframe-align-center\"><span class=\" fusion-imageframe imageframe-none imageframe-6 hover-type-none\" style=\"border:20px solid #ffffff;\"><a class=\"fusion-no-lightbox\" href=\"https:\/\/www.ferienwohnungen.de\/ferienwohnung\/21919\/gaestebuch\/\" target=\"_blank\" rel=\"noopener noreferrer\"><img decoding=\"async\" src=\"https:\/\/www.lariete.org\/wordpress\/wp-content\/uploads\/2016\/06\/ferienwohnungen-de-logo-2015.png\" alt class=\"img-responsive\"\/><\/a><\/span><\/div><\/div><div class=\"fusion-testimonials classic awb-speech-bubble-show fusion-testimonials-6\" style=\"--awb-textcolor:#747474;--awb-backgroundcolor:rgba(255,255,255,0);--awb-testimonial-border-style:solid;--awb-testimonial-border-color:var(--awb-color3);--awb-border-top-left-radius:0px;--awb-border-top-right-radius:0px;--awb-border-bottom-left-radius:0px;--awb-border-bottom-right-radius:0px;--testimonial-border-width-top:0px;--testimonial-border-width-right:0px;--testimonial-border-width-bottom:0px;--testimonial-border-width-left:0px;\" data-random=\"0\" data-speed=\"4000\"><div class=\"reviews\"><div class=\"review active-testimonial avatar-image\"><blockquote><div class=\"awb-quote\"><div class=\"awb-quote-content\">Entspannung pur!<br \/>\nWir sind leidenschaftliche Wanderer und hatten daher f\u00fcr unseren Urlaub die Nachsaison gew\u00e4hlt was definitiv die beste Entscheidung war. Ende Oktober wurden wir t\u00e4glich mit Sonnenschein und sommerlichen Temperaturen begl\u00fcckt. Von unserer traumhaften Unterkunft aus &#8230;.<\/div><\/div><span class=\"awb-triangle\"><\/span><\/blockquote><div class=\"author\"><span class=\"testimonial-thumbnail\"><img decoding=\"async\" class=\"testimonial-image\" src=\"https:\/\/www.lariete.org\/wordpress\/wp-content\/uploads\/2016\/06\/ferienwohnungen-de-logo-2015.png\" \/><\/span><span class=\"company-name\"><strong>Ferienwohnungen.de<\/strong><span>, <\/span><a href=\"https:\/\/www.ferienwohnungen.de\/ferienwohnung\/21919\/gaestebuch\/\" target=\"_blank\" rel=\"noopener noreferrer\"><span>(read more)<\/span><\/a><\/span><\/div><\/div><\/div><\/div><div class=\"fusion-image-element fusion-image-align-center in-legacy-container\" style=\"text-align:center;--awb-caption-title-font-family:var(--h2_typography-font-family);--awb-caption-title-font-weight:var(--h2_typography-font-weight);--awb-caption-title-font-style:var(--h2_typography-font-style);--awb-caption-title-size:var(--h2_typography-font-size);--awb-caption-title-transform:var(--h2_typography-text-transform);--awb-caption-title-line-height:var(--h2_typography-line-height);--awb-caption-title-letter-spacing:var(--h2_typography-letter-spacing);\"><div class=\"imageframe-align-center\"><span class=\" fusion-imageframe imageframe-none imageframe-7 hover-type-none\" style=\"border:20px solid #ffffff;\"><a class=\"fusion-no-lightbox\" href=\"https:\/\/www.fewo-direkt.de\/ferienwohnung-ferienhaus\/p492985?uni_id=1156104#reviews\" target=\"_blank\" rel=\"noopener noreferrer\"><img decoding=\"async\" alt=\"fewo-direkt.de\" src=\"https:\/\/www.lariete.org\/wordpress\/wp-content\/uploads\/2016\/06\/fewo-direkt-logo.png\" class=\"img-responsive\"\/><\/a><\/span><\/div><\/div><div class=\"fusion-testimonials classic awb-speech-bubble-show fusion-testimonials-7\" style=\"--awb-textcolor:#747474;--awb-backgroundcolor:rgba(255,255,255,0);--awb-testimonial-border-style:solid;--awb-testimonial-border-color:var(--awb-color3);--awb-border-top-left-radius:0px;--awb-border-top-right-radius:0px;--awb-border-bottom-left-radius:0px;--awb-border-bottom-right-radius:0px;--testimonial-border-width-top:0px;--testimonial-border-width-right:0px;--testimonial-border-width-bottom:0px;--testimonial-border-width-left:0px;\" data-random=\"0\" data-speed=\"4000\"><div class=\"reviews\"><div class=\"review active-testimonial avatar-image\"><blockquote><div class=\"awb-quote\"><div class=\"awb-quote-content\">Entschleunigung!<br \/>\nWir haben lange im Internet recherchiert, und uns aufgrund der wundersch\u00f6nen Homepage und der stimmungsvollen Bilder und Texte f\u00fcr L\u00b4Ariete entschieden. Unsere Erwartungen wurden \u00fcbertroffen &#8230;.<\/div><\/div><span class=\"awb-triangle\"><\/span><\/blockquote><div class=\"author\"><span class=\"testimonial-thumbnail\"><img decoding=\"async\" class=\"testimonial-image\" src=\"https:\/\/www.lariete.org\/wordpress\/wp-content\/uploads\/2016\/06\/fewo-direkt-logo.png\" \/><\/span><span class=\"company-name\"><strong>fewo-direkt.de<\/strong><span>, <\/span><a href=\"https:\/\/www.fewo-direkt.de\/ferienwohnung-ferienhaus\/p492985?uni_id=1156104#reviews\" target=\"_blank\" rel=\"noopener noreferrer\"><span>(read more)<\/span><\/a><\/span><\/div><\/div><\/div><\/div><div class=\"fusion-clearfix\"><\/div><\/div><\/div><\/div><\/div>\n","protected":false},"excerpt":{"rendered":"","protected":false},"author":1,"featured_media":0,"parent":0,"menu_order":0,"comment_status":"closed","ping_status":"closed","template":"100-width.php","meta":{"footnotes":""},"class_list":["post-23075","page","type-page","status-publish","hentry"],"yoast_head":"<!-- This site is optimized with the Yoast SEO plugin v20.13 - https:\/\/yoast.com\/wordpress\/plugins\/seo\/ -->\n<title>Guestbook - Vacation on farm stay in Umbria Italy<\/title>\n<meta name=\"robots\" content=\"index, follow, max-snippet:-1, max-image-preview:large, max-video-preview:-1\" \/>\n<link rel=\"canonical\" href=\"https:\/\/lariete.org\/en\/guestbook\/\" \/>\n<meta property=\"og:locale\" content=\"en_US\" \/>\n<meta property=\"og:type\" content=\"article\" \/>\n<meta property=\"og:title\" content=\"Guestbook - Vacation on farm stay in Umbria Italy\" \/>\n<meta property=\"og:url\" content=\"https:\/\/lariete.org\/en\/guestbook\/\" \/>\n<meta property=\"og:site_name\" content=\"Vacation on farm stay in Umbria Italy\" \/>\n<meta property=\"article:publisher\" content=\"https:\/\/www.facebook.com\/vacationinumbria\" \/>\n<meta property=\"article:modified_time\" content=\"2018-08-28T15:42:28+00:00\" \/>\n<meta property=\"og:image\" content=\"https:\/\/www.lariete.org\/wordpress\/wp-content\/uploads\/2016\/06\/homeaway.png\" \/>\n<meta name=\"twitter:label1\" content=\"Est. reading time\" \/>\n\t<meta name=\"twitter:data1\" content=\"6 minutes\" \/>\n<script type=\"application\/ld+json\" class=\"yoast-schema-graph\">{\"@context\":\"https:\/\/schema.org\",\"@graph\":[{\"@type\":\"WebPage\",\"@id\":\"https:\/\/lariete.org\/en\/guestbook\/\",\"url\":\"https:\/\/lariete.org\/en\/guestbook\/\",\"name\":\"Guestbook - Vacation on farm stay in Umbria Italy\",\"isPartOf\":{\"@id\":\"https:\/\/lariete.org\/#website\"},\"datePublished\":\"2016-06-13T15:45:11+00:00\",\"dateModified\":\"2018-08-28T15:42:28+00:00\",\"breadcrumb\":{\"@id\":\"https:\/\/lariete.org\/en\/guestbook\/#breadcrumb\"},\"inLanguage\":\"en-US\",\"potentialAction\":[{\"@type\":\"ReadAction\",\"target\":[\"https:\/\/lariete.org\/en\/guestbook\/\"]}]},{\"@type\":\"BreadcrumbList\",\"@id\":\"https:\/\/lariete.org\/en\/guestbook\/#breadcrumb\",\"itemListElement\":[{\"@type\":\"ListItem\",\"position\":1,\"name\":\"Home\",\"item\":\"https:\/\/lariete.org\/en\/\"},{\"@type\":\"ListItem\",\"position\":2,\"name\":\"Guestbook\"}]},{\"@type\":\"WebSite\",\"@id\":\"https:\/\/lariete.org\/#website\",\"url\":\"https:\/\/lariete.org\/\",\"name\":\"Urlaub am Agriturismo in Umbrien\",\"description\":\"Self catering apartments with pool\",\"potentialAction\":[{\"@type\":\"SearchAction\",\"target\":{\"@type\":\"EntryPoint\",\"urlTemplate\":\"https:\/\/lariete.org\/?s={search_term_string}\"},\"query-input\":\"required name=search_term_string\"}],\"inLanguage\":\"en-US\"}]}<\/script>\n<!-- \/ Yoast SEO plugin. -->","yoast_head_json":{"title":"Guestbook - Vacation on farm stay in Umbria Italy","robots":{"index":"index","follow":"follow","max-snippet":"max-snippet:-1","max-image-preview":"max-image-preview:large","max-video-preview":"max-video-preview:-1"},"canonical":"https:\/\/lariete.org\/en\/guestbook\/","og_locale":"en_US","og_type":"article","og_title":"Guestbook - Vacation on farm stay in Umbria Italy","og_url":"https:\/\/lariete.org\/en\/guestbook\/","og_site_name":"Vacation on farm stay in Umbria Italy","article_publisher":"https:\/\/www.facebook.com\/vacationinumbria","article_modified_time":"2018-08-28T15:42:28+00:00","og_image":[{"url":"https:\/\/www.lariete.org\/wordpress\/wp-content\/uploads\/2016\/06\/homeaway.png"}],"twitter_misc":{"Est. reading time":"6 minutes"},"schema":{"@context":"https:\/\/schema.org","@graph":[{"@type":"WebPage","@id":"https:\/\/lariete.org\/en\/guestbook\/","url":"https:\/\/lariete.org\/en\/guestbook\/","name":"Guestbook - Vacation on farm stay in Umbria Italy","isPartOf":{"@id":"https:\/\/lariete.org\/#website"},"datePublished":"2016-06-13T15:45:11+00:00","dateModified":"2018-08-28T15:42:28+00:00","breadcrumb":{"@id":"https:\/\/lariete.org\/en\/guestbook\/#breadcrumb"},"inLanguage":"en-US","potentialAction":[{"@type":"ReadAction","target":["https:\/\/lariete.org\/en\/guestbook\/"]}]},{"@type":"BreadcrumbList","@id":"https:\/\/lariete.org\/en\/guestbook\/#breadcrumb","itemListElement":[{"@type":"ListItem","position":1,"name":"Home","item":"https:\/\/lariete.org\/en\/"},{"@type":"ListItem","position":2,"name":"Guestbook"}]},{"@type":"WebSite","@id":"https:\/\/lariete.org\/#website","url":"https:\/\/lariete.org\/","name":"Urlaub am Agriturismo in Umbrien","description":"Self catering apartments with pool","potentialAction":[{"@type":"SearchAction","target":{"@type":"EntryPoint","urlTemplate":"https:\/\/lariete.org\/?s={search_term_string}"},"query-input":"required name=search_term_string"}],"inLanguage":"en-US"}]}},"_links":{"self":[{"href":"https:\/\/lariete.org\/en\/wp-json\/wp\/v2\/pages\/23075","targetHints":{"allow":["GET"]}}],"collection":[{"href":"https:\/\/lariete.org\/en\/wp-json\/wp\/v2\/pages"}],"about":[{"href":"https:\/\/lariete.org\/en\/wp-json\/wp\/v2\/types\/page"}],"author":[{"embeddable":true,"href":"https:\/\/lariete.org\/en\/wp-json\/wp\/v2\/users\/1"}],"replies":[{"embeddable":true,"href":"https:\/\/lariete.org\/en\/wp-json\/wp\/v2\/comments?post=23075"}],"version-history":[{"count":0,"href":"https:\/\/lariete.org\/en\/wp-json\/wp\/v2\/pages\/23075\/revisions"}],"wp:attachment":[{"href":"https:\/\/lariete.org\/en\/wp-json\/wp\/v2\/media?parent=23075"}],"curies":[{"name":"wp","href":"https:\/\/api.w.org\/{rel}","templated":true}]}}