{"id":21283,"date":"2014-11-16T16:39:52","date_gmt":"2014-11-16T15:39:52","guid":{"rendered":"https:\/\/www.lariete.org\/ferienwohnungen-2\/"},"modified":"2020-05-15T14:03:51","modified_gmt":"2020-05-15T12:03:51","slug":"appartamenti","status":"publish","type":"page","link":"https:\/\/lariete.org\/it\/appartamenti\/","title":{"rendered":"APPARTAMENTI"},"content":{"rendered":"<p><div class=\"fusion-fullwidth fullwidth-box fusion-builder-row-1 hundred-percent-fullwidth non-hundred-percent-height-scrolling\" style=\"--awb-border-radius-top-left:0px;--awb-border-radius-top-right:0px;--awb-border-radius-bottom-right:0px;--awb-border-radius-bottom-left:0px;--awb-overflow:visible;--awb-padding-right:100px;--awb-padding-left:100px;--awb-flex-wrap:wrap;\" ><div class=\"fusion-builder-row fusion-row\"><div class=\"fusion-layout-column fusion_builder_column fusion-builder-column-0 fusion_builder_column_1_1 1_1 fusion-one-full fusion-column-first fusion-column-last fusion-column-no-min-height\" style=\"--awb-bg-size:cover;--awb-margin-bottom:0px;\"><div class=\"fusion-column-wrapper fusion-flex-column-wrapper-legacy\"><div class=\"fusion-text fusion-text-1\"><h1 style=\"text-align: center;\">Gli appartamenti<\/h1>\n<p lang=\"en-US\">Sei grandi appartamenti con 1 o 2 camere di letto, ingressi indipendenti, dai 70 ai 80m2 di superficie per il massimo relax. Belle cucine abitabili completamente attrezzate, con grandi angoli cottura di qualit\u00e0, e comodi divani. Sale da bagno moderni con docce o vasca da bagno, camere da letto benessere con letti matrimoniali che catturano l\u2019aroma delle nostre erbe e vi regaleranno sogni umbri.<\/p>\n<p lang=\"en-US\">Tutti i nostri appartamenti sono arredati con lo stile e il gusto dei tempi passati, ma al passo con i tempi moderni. Gli appartamenti sono inoltre dotati di accesso W-LAN per essere sempre aggiornati. Nessun bouquet di fiori secchi, nessun cavallo in ceramica sul camino. Abbiamo scelto volutamente un arredo elegante, di gusto e di qualit\u00e0. L&#8217;ARIETE non \u00e8 un agriturismo che offre alloggio alle masse, bens\u00ec individualit\u00e0 e servizio personalizzato.<\/p>\n<\/div><div class=\"fusion-clearfix\"><\/div><\/div><\/div><\/div><\/div><div class=\"fusion-fullwidth fullwidth-box fusion-builder-row-2 hundred-percent-fullwidth non-hundred-percent-height-scrolling\" style=\"--awb-border-radius-top-left:0px;--awb-border-radius-top-right:0px;--awb-border-radius-bottom-right:0px;--awb-border-radius-bottom-left:0px;--awb-overflow:visible;--awb-padding-right:100px;--awb-padding-left:100px;--awb-flex-wrap:wrap;\" ><div class=\"fusion-builder-row fusion-row\"><div class=\"fusion-layout-column fusion_builder_column fusion-builder-column-1 fusion_builder_column_1_1 1_1 fusion-one-full fusion-column-first fusion-column-last fusion-column-no-min-height\" style=\"--awb-bg-size:cover;--awb-margin-bottom:0px;\"><div class=\"fusion-column-wrapper fusion-flex-column-wrapper-legacy\"><style type=\"text\/css\">.fusion-portfolio-wrapper#fusion-portfolio-1 .fusion-portfolio-content{ padding: 25px 25px 25px 25px; text-align: left; }<\/style><div class=\"fusion-recent-works fusion-portfolio-element fusion-portfolio fusion-portfolio-1 fusion-portfolio-grid fusion-portfolio-paging-pagination fusion-portfolio-three fusion-portfolio-boxed fusion-portfolio-text fusion-portfolio-rollover\" data-id=\"-rw-1\" data-columns=\"three\"><style type=\"text\/css\">.fusion-portfolio-1 .fusion-portfolio-wrapper .fusion-col-spacing{padding:6px;}<\/style><div class=\"fusion-portfolio-wrapper\" id=\"fusion-portfolio-1\" data-picturesize=\"fixed\" data-pages=\"1\" style=\"margin:-6px;\"><article id=\"portfolio-1-post-21420\" class=\"fusion-portfolio-post 2-camere-letto-it apartamento-it fusion-col-spacing post-21420\"><div class=\"fusion-portfolio-content-wrapper\" style=\"border:1px solid #ebeaea;border-bottom-width:3px;background-color:rgba(255,255,255,0);\"><span class=\"vcard rich-snippet-hidden\"><span class=\"fn\"><a href=\"https:\/\/lariete.org\/it\/author\/andreasax\/\" title=\"Articoli scritti da andreasax\" rel=\"author\">andreasax<\/a><\/span><\/span><span class=\"updated rich-snippet-hidden\">2026-01-24T17:57:44+01:00<\/span><div  class=\"fusion-image-wrapper fusion-image-size-fixed\" aria-haspopup=\"true\">\n\t\t\t\t<img decoding=\"async\" width=\"300\" height=\"214\" src=\"https:\/\/lariete.org\/wp-content\/uploads\/2024\/03\/Volpe-Terrasse-Kopie-1280x960-1-300x214.jpg\" class=\"attachment-portfolio-three size-portfolio-three wp-post-image\" alt=\"\" \/><div class=\"fusion-rollover\">\n\t<div class=\"fusion-rollover-content\">\n\n\t\t\t\t\t\t\t\t\t\t\t\t\t\t<a class=\"fusion-rollover-link\" href=\"https:\/\/lariete.org\/it\/portfolio\/appartamento_volpe\/?portfolioCats=114\">Appartamento VOLPE &#8211; 4 ospiti<\/a>\n\t\t\t\n\t\t\t\t\t\t\t\t\n\t\t\n\t\t\t\t\t\t\t\t\t\t\t\t<h4 class=\"fusion-rollover-title\">\n\t\t\t\t\t<a class=\"fusion-rollover-title-link\" href=\"https:\/\/lariete.org\/it\/portfolio\/appartamento_volpe\/?portfolioCats=114\">\n\t\t\t\t\t\tAppartamento VOLPE &#8211; 4 ospiti\t\t\t\t\t<\/a>\n\t\t\t\t<\/h4>\n\t\t\t\n\t\t\t\t\t\t\t\t\n\t\t\n\t\t\t\t\t\t<a class=\"fusion-link-wrapper\" href=\"https:\/\/lariete.org\/it\/portfolio\/appartamento_volpe\/?portfolioCats=114\" aria-label=\"Appartamento VOLPE &#8211; 4 ospiti\"><\/a>\n\t<\/div>\n<\/div>\n<\/div>\n<div class=\"fusion-portfolio-content\" style=\"background-color:rgba(255,255,255,0);\"><h2 class=\"entry-title fusion-post-title\"><a href=\"https:\/\/lariete.org\/it\/portfolio\/appartamento_volpe\/?portfolioCats=114\">Appartamento VOLPE &#8211; 4 ospiti<\/a><\/h2><div class=\"fusion-portfolio-meta\"><a href=\"https:\/\/lariete.org\/it\/portfolio_category\/2-camere-letto-it\/\" rel=\"tag\">2 camere di letto<\/a>, <a href=\"https:\/\/lariete.org\/it\/portfolio_category\/apartamento-it\/\" rel=\"tag\">appartamenti<\/a><\/div><div class=\"fusion-content-sep sep-double sep-solid\" style=\"border-color:#ebeaea;\"><\/div><div class=\"fusion-post-content\"><p>4 (+1) | 2-3 camere di letto | sala di cucina | 2 bagni | W-Lan | 70m2 | terrazza<\/p><\/div><\/div><\/div><\/article><article id=\"portfolio-1-post-21415\" class=\"fusion-portfolio-post 1-camera-letto-it apartamento-it fusion-col-spacing post-21415\"><div class=\"fusion-portfolio-content-wrapper\" style=\"border:1px solid #ebeaea;border-bottom-width:3px;background-color:rgba(255,255,255,0);\"><span class=\"vcard rich-snippet-hidden\"><span class=\"fn\"><a href=\"https:\/\/lariete.org\/it\/author\/andreasax\/\" title=\"Articoli scritti da andreasax\" rel=\"author\">andreasax<\/a><\/span><\/span><span class=\"updated rich-snippet-hidden\">2026-01-24T18:01:09+01:00<\/span><div  class=\"fusion-image-wrapper fusion-image-size-fixed\" aria-haspopup=\"true\">\n\t\t\t\t<img decoding=\"async\" width=\"300\" height=\"214\" src=\"https:\/\/lariete.org\/wp-content\/uploads\/2018\/12\/apartment_porcospina05-300x214.jpg\" class=\"attachment-portfolio-three size-portfolio-three wp-post-image\" alt=\"\" \/><div class=\"fusion-rollover\">\n\t<div class=\"fusion-rollover-content\">\n\n\t\t\t\t\t\t\t\t\t\t\t\t\t\t<a class=\"fusion-rollover-link\" href=\"https:\/\/lariete.org\/it\/portfolio\/appartamento_self_catering\/?portfolioCats=114\">Appartamento PORCOSPINO &#8211; 2 (+1) ospiti<\/a>\n\t\t\t\n\t\t\t\t\t\t\t\t\n\t\t\n\t\t\t\t\t\t\t\t\t\t\t\t<h4 class=\"fusion-rollover-title\">\n\t\t\t\t\t<a class=\"fusion-rollover-title-link\" href=\"https:\/\/lariete.org\/it\/portfolio\/appartamento_self_catering\/?portfolioCats=114\">\n\t\t\t\t\t\tAppartamento PORCOSPINO &#8211; 2 (+1) ospiti\t\t\t\t\t<\/a>\n\t\t\t\t<\/h4>\n\t\t\t\n\t\t\t\t\t\t\t\t\n\t\t\n\t\t\t\t\t\t<a class=\"fusion-link-wrapper\" href=\"https:\/\/lariete.org\/it\/portfolio\/appartamento_self_catering\/?portfolioCats=114\" aria-label=\"Appartamento PORCOSPINO &#8211; 2 (+1) ospiti\"><\/a>\n\t<\/div>\n<\/div>\n<\/div>\n<div class=\"fusion-portfolio-content\" style=\"background-color:rgba(255,255,255,0);\"><h2 class=\"entry-title fusion-post-title\"><a href=\"https:\/\/lariete.org\/it\/portfolio\/appartamento_self_catering\/?portfolioCats=114\">Appartamento PORCOSPINO &#8211; 2 (+1) ospiti<\/a><\/h2><div class=\"fusion-portfolio-meta\"><a href=\"https:\/\/lariete.org\/it\/portfolio_category\/1-camera-letto-it\/\" rel=\"tag\">1 camera di letto<\/a>, <a href=\"https:\/\/lariete.org\/it\/portfolio_category\/apartamento-it\/\" rel=\"tag\">appartamenti<\/a><\/div><div class=\"fusion-content-sep sep-double sep-solid\" style=\"border-color:#ebeaea;\"><\/div><div class=\"fusion-post-content\"><p>2 (+1) | camera di letto | cucina | salotto open space | sala di bagno | W-LAN | 70m2<\/p><\/div><\/div><\/div><\/article><article id=\"portfolio-1-post-21361\" class=\"fusion-portfolio-post 1-camera-letto-it apartamento-it fusion-col-spacing post-21361\"><div class=\"fusion-portfolio-content-wrapper\" style=\"border:1px solid #ebeaea;border-bottom-width:3px;background-color:rgba(255,255,255,0);\"><span class=\"vcard rich-snippet-hidden\"><span class=\"fn\"><a href=\"https:\/\/lariete.org\/it\/author\/andreasax\/\" title=\"Articoli scritti da andreasax\" rel=\"author\">andreasax<\/a><\/span><\/span><span class=\"updated rich-snippet-hidden\">2026-01-24T18:04:54+01:00<\/span><div  class=\"fusion-image-wrapper fusion-image-size-fixed\" aria-haspopup=\"true\">\n\t\t\t\t<img decoding=\"async\" width=\"300\" height=\"214\" src=\"https:\/\/lariete.org\/wp-content\/uploads\/2018\/12\/apartment_ariete02-300x214.jpg\" class=\"attachment-portfolio-three size-portfolio-three wp-post-image\" alt=\"\" \/><div class=\"fusion-rollover\">\n\t<div class=\"fusion-rollover-content\">\n\n\t\t\t\t\t\t\t\t\t\t\t\t\t\t<a class=\"fusion-rollover-link\" href=\"https:\/\/lariete.org\/it\/portfolio\/appartamento_ariete\/?portfolioCats=114\">Appartamento ARIETE &#8211; 2 pers.<\/a>\n\t\t\t\n\t\t\t\t\t\t\t\t\n\t\t\n\t\t\t\t\t\t\t\t\t\t\t\t<h4 class=\"fusion-rollover-title\">\n\t\t\t\t\t<a class=\"fusion-rollover-title-link\" href=\"https:\/\/lariete.org\/it\/portfolio\/appartamento_ariete\/?portfolioCats=114\">\n\t\t\t\t\t\tAppartamento ARIETE &#8211; 2 pers.\t\t\t\t\t<\/a>\n\t\t\t\t<\/h4>\n\t\t\t\n\t\t\t\t\t\t\t\t\n\t\t\n\t\t\t\t\t\t<a class=\"fusion-link-wrapper\" href=\"https:\/\/lariete.org\/it\/portfolio\/appartamento_ariete\/?portfolioCats=114\" aria-label=\"Appartamento ARIETE &#8211; 2 pers.\"><\/a>\n\t<\/div>\n<\/div>\n<\/div>\n<div class=\"fusion-portfolio-content\" style=\"background-color:rgba(255,255,255,0);\"><h2 class=\"entry-title fusion-post-title\"><a href=\"https:\/\/lariete.org\/it\/portfolio\/appartamento_ariete\/?portfolioCats=114\">Appartamento ARIETE &#8211; 2 pers.<\/a><\/h2><div class=\"fusion-portfolio-meta\"><a href=\"https:\/\/lariete.org\/it\/portfolio_category\/1-camera-letto-it\/\" rel=\"tag\">1 camera di letto<\/a>, <a href=\"https:\/\/lariete.org\/it\/portfolio_category\/apartamento-it\/\" rel=\"tag\">appartamenti<\/a><\/div><div class=\"fusion-content-sep sep-double sep-solid\" style=\"border-color:#ebeaea;\"><\/div><div class=\"fusion-post-content\"><p>   Appartamento ARIETE  Appartamento al secondo piano   [...]<\/p><\/div><\/div><\/div><\/article><article id=\"portfolio-1-post-21369\" class=\"fusion-portfolio-post 1-camera-letto-it apartamento-it fusion-col-spacing post-21369\"><div class=\"fusion-portfolio-content-wrapper\" style=\"border:1px solid #ebeaea;border-bottom-width:3px;background-color:rgba(255,255,255,0);\"><span class=\"vcard rich-snippet-hidden\"><span class=\"fn\"><a href=\"https:\/\/lariete.org\/it\/author\/andreasax\/\" title=\"Articoli scritti da andreasax\" rel=\"author\">andreasax<\/a><\/span><\/span><span class=\"updated rich-snippet-hidden\">2026-01-24T18:09:31+01:00<\/span><div  class=\"fusion-image-wrapper fusion-image-size-fixed\" aria-haspopup=\"true\">\n\t\t\t\t<img decoding=\"async\" width=\"300\" height=\"214\" src=\"https:\/\/lariete.org\/wp-content\/uploads\/2018\/12\/apartment-orso-3-300x214.jpg\" class=\"attachment-portfolio-three size-portfolio-three wp-post-image\" alt=\"\" \/><div class=\"fusion-rollover\">\n\t<div class=\"fusion-rollover-content\">\n\n\t\t\t\t\t\t\t\t\t\t\t\t\t\t<a class=\"fusion-rollover-link\" href=\"https:\/\/lariete.org\/it\/portfolio\/appartamento_self_catering-2\/?portfolioCats=114\">Appartamento ORSO &#8211; 2 (+1)<\/a>\n\t\t\t\n\t\t\t\t\t\t\t\t\n\t\t\n\t\t\t\t\t\t\t\t\t\t\t\t<h4 class=\"fusion-rollover-title\">\n\t\t\t\t\t<a class=\"fusion-rollover-title-link\" href=\"https:\/\/lariete.org\/it\/portfolio\/appartamento_self_catering-2\/?portfolioCats=114\">\n\t\t\t\t\t\tAppartamento ORSO &#8211; 2 (+1)\t\t\t\t\t<\/a>\n\t\t\t\t<\/h4>\n\t\t\t\n\t\t\t\t\t\t\t\t\n\t\t\n\t\t\t\t\t\t<a class=\"fusion-link-wrapper\" href=\"https:\/\/lariete.org\/it\/portfolio\/appartamento_self_catering-2\/?portfolioCats=114\" aria-label=\"Appartamento ORSO &#8211; 2 (+1)\"><\/a>\n\t<\/div>\n<\/div>\n<\/div>\n<div class=\"fusion-portfolio-content\" style=\"background-color:rgba(255,255,255,0);\"><h2 class=\"entry-title fusion-post-title\"><a href=\"https:\/\/lariete.org\/it\/portfolio\/appartamento_self_catering-2\/?portfolioCats=114\">Appartamento ORSO &#8211; 2 (+1)<\/a><\/h2><div class=\"fusion-portfolio-meta\"><a href=\"https:\/\/lariete.org\/it\/portfolio_category\/1-camera-letto-it\/\" rel=\"tag\">1 camera di letto<\/a>, <a href=\"https:\/\/lariete.org\/it\/portfolio_category\/apartamento-it\/\" rel=\"tag\">appartamenti<\/a><\/div><div class=\"fusion-content-sep sep-double sep-solid\" style=\"border-color:#ebeaea;\"><\/div><div class=\"fusion-post-content\"><p>Appartamento per 2 (+1) | camera di letto | cucina | salotto open space | sala di bagno | W-LAN | 70m2<\/p><\/div><\/div><\/div><\/article><article id=\"portfolio-1-post-21409\" class=\"fusion-portfolio-post 2-camere-letto-it apartamento-it fusion-col-spacing post-21409\"><div class=\"fusion-portfolio-content-wrapper\" style=\"border:1px solid #ebeaea;border-bottom-width:3px;background-color:rgba(255,255,255,0);\"><span class=\"vcard rich-snippet-hidden\"><span class=\"fn\"><a href=\"https:\/\/lariete.org\/it\/author\/andreasax\/\" title=\"Articoli scritti da andreasax\" rel=\"author\">andreasax<\/a><\/span><\/span><span class=\"updated rich-snippet-hidden\">2026-01-24T18:13:46+01:00<\/span><div  class=\"fusion-image-wrapper fusion-image-size-fixed\" aria-haspopup=\"true\">\n\t\t\t\t<img decoding=\"async\" width=\"300\" height=\"214\" src=\"https:\/\/lariete.org\/wp-content\/uploads\/2018\/12\/apartment_capricorno02-300x214.jpg\" class=\"attachment-portfolio-three size-portfolio-three wp-post-image\" alt=\"\" \/><div class=\"fusion-rollover\">\n\t<div class=\"fusion-rollover-content\">\n\n\t\t\t\t\t\t\t\t\t\t\t\t\t\t<a class=\"fusion-rollover-link\" href=\"https:\/\/lariete.org\/it\/portfolio\/appartamento_selfcatering\/?portfolioCats=114\" target=\"_blank\">Appartamento CAPRICORNO &#8211; 4 ospiti<\/a>\n\t\t\t\n\t\t\t\t\t\t\t\t\n\t\t\n\t\t\t\t\t\t\t\t\t\t\t\t<h4 class=\"fusion-rollover-title\">\n\t\t\t\t\t<a class=\"fusion-rollover-title-link\" href=\"https:\/\/lariete.org\/it\/portfolio\/appartamento_selfcatering\/?portfolioCats=114\" target=\"_blank\">\n\t\t\t\t\t\tAppartamento CAPRICORNO &#8211; 4 ospiti\t\t\t\t\t<\/a>\n\t\t\t\t<\/h4>\n\t\t\t\n\t\t\t\t\t\t\t\t\n\t\t\n\t\t\t\t\t\t<a class=\"fusion-link-wrapper\" href=\"https:\/\/lariete.org\/it\/portfolio\/appartamento_selfcatering\/?portfolioCats=114\" target=\"_blank\" aria-label=\"Appartamento CAPRICORNO &#8211; 4 ospiti\"><\/a>\n\t<\/div>\n<\/div>\n<\/div>\n<div class=\"fusion-portfolio-content\" style=\"background-color:rgba(255,255,255,0);\"><h2 class=\"entry-title fusion-post-title\"><a href=\"https:\/\/lariete.org\/it\/portfolio\/appartamento_selfcatering\/?portfolioCats=114\" target=\"_blank\" rel=\"noopener noreferrer\">Appartamento CAPRICORNO &#8211; 4 ospiti<\/a><\/h2><div class=\"fusion-portfolio-meta\"><a href=\"https:\/\/lariete.org\/it\/portfolio_category\/2-camere-letto-it\/\" rel=\"tag\">2 camere di letto<\/a>, <a href=\"https:\/\/lariete.org\/it\/portfolio_category\/apartamento-it\/\" rel=\"tag\">appartamenti<\/a><\/div><div class=\"fusion-content-sep sep-double sep-solid\" style=\"border-color:#ebeaea;\"><\/div><div class=\"fusion-post-content\"><p>Appartamento con 2 camere da letto | 4 (+1) | salotto | Cucina | bagno | W-LAN | 80 m2 <\/p><\/div><\/div><\/div><\/article><article id=\"portfolio-1-post-21381\" class=\"fusion-portfolio-post 2-camere-letto-it apartamento-it fusion-col-spacing post-21381\"><div class=\"fusion-portfolio-content-wrapper\" style=\"border:1px solid #ebeaea;border-bottom-width:3px;background-color:rgba(255,255,255,0);\"><span class=\"vcard rich-snippet-hidden\"><span class=\"fn\"><a href=\"https:\/\/lariete.org\/it\/author\/andreasax\/\" title=\"Articoli scritti da andreasax\" rel=\"author\">andreasax<\/a><\/span><\/span><span class=\"updated rich-snippet-hidden\">2026-01-24T18:16:14+01:00<\/span><div  class=\"fusion-image-wrapper fusion-image-size-fixed\" aria-haspopup=\"true\">\n\t\t\t\t<img decoding=\"async\" width=\"300\" height=\"214\" src=\"https:\/\/lariete.org\/wp-content\/uploads\/2018\/12\/apartment_capriolo04-300x214.jpg\" class=\"attachment-portfolio-three size-portfolio-three wp-post-image\" alt=\"\" \/><div class=\"fusion-rollover\">\n\t<div class=\"fusion-rollover-content\">\n\n\t\t\t\t\t\t\t\t\t\t\t\t\t\t<a class=\"fusion-rollover-link\" href=\"https:\/\/lariete.org\/it\/portfolio\/appartamento_familiare\/?portfolioCats=114\">Appartamento CAPRIOLO &#8211; 4 pers.<\/a>\n\t\t\t\n\t\t\t\t\t\t\t\t\n\t\t\n\t\t\t\t\t\t\t\t\t\t\t\t<h4 class=\"fusion-rollover-title\">\n\t\t\t\t\t<a class=\"fusion-rollover-title-link\" href=\"https:\/\/lariete.org\/it\/portfolio\/appartamento_familiare\/?portfolioCats=114\">\n\t\t\t\t\t\tAppartamento CAPRIOLO &#8211; 4 pers.\t\t\t\t\t<\/a>\n\t\t\t\t<\/h4>\n\t\t\t\n\t\t\t\t\t\t\t\t\n\t\t\n\t\t\t\t\t\t<a class=\"fusion-link-wrapper\" href=\"https:\/\/lariete.org\/it\/portfolio\/appartamento_familiare\/?portfolioCats=114\" aria-label=\"Appartamento CAPRIOLO &#8211; 4 pers.\"><\/a>\n\t<\/div>\n<\/div>\n<\/div>\n<div class=\"fusion-portfolio-content\" style=\"background-color:rgba(255,255,255,0);\"><h2 class=\"entry-title fusion-post-title\"><a href=\"https:\/\/lariete.org\/it\/portfolio\/appartamento_familiare\/?portfolioCats=114\">Appartamento CAPRIOLO &#8211; 4 pers.<\/a><\/h2><div class=\"fusion-portfolio-meta\"><a href=\"https:\/\/lariete.org\/it\/portfolio_category\/2-camere-letto-it\/\" rel=\"tag\">2 camere di letto<\/a>, <a href=\"https:\/\/lariete.org\/it\/portfolio_category\/apartamento-it\/\" rel=\"tag\">appartamenti<\/a><\/div><div class=\"fusion-content-sep sep-double sep-solid\" style=\"border-color:#ebeaea;\"><\/div><div class=\"fusion-post-content\"><p>2 Camere da letto | Cucina | sala da bagno | W-LAN | 80 m2 | riscaldamento centralizzato | Terazza<\/p><\/div><\/div><\/div><\/article><\/div><\/div><div class=\"fusion-clearfix\"><\/div><\/div><\/div><\/div><\/div><\/p>\n","protected":false},"excerpt":{"rendered":"","protected":false},"author":1,"featured_media":0,"parent":0,"menu_order":0,"comment_status":"open","ping_status":"closed","template":"100-width.php","meta":{"footnotes":""},"class_list":["post-21283","page","type-page","status-publish","hentry"],"yoast_head":"<!-- This site is optimized with the Yoast SEO plugin v20.13 - https:\/\/yoast.com\/wordpress\/plugins\/seo\/ -->\n<title>APPARTAMENTI - Agriturismo con 6 appartamenti e grande piscina<\/title>\n<meta name=\"description\" content=\"Sei grandi appartamenti con 1 o 2 camere di letto, dai 70 ai 80m2 di superficie, bagno privato, cucina, salotto per il massimo relax.\" \/>\n<meta name=\"robots\" content=\"index, follow, max-snippet:-1, max-image-preview:large, max-video-preview:-1\" \/>\n<link rel=\"canonical\" href=\"https:\/\/lariete.org\/it\/appartamenti\/\" \/>\n<meta property=\"og:locale\" content=\"it_IT\" \/>\n<meta property=\"og:type\" content=\"article\" \/>\n<meta property=\"og:title\" content=\"APPARTAMENTI - Agriturismo con 6 appartamenti e grande piscina\" \/>\n<meta property=\"og:description\" content=\"Sei grandi appartamenti con 1 o 2 camere di letto, dai 70 ai 80m2 di superficie, bagno privato, cucina, salotto per il massimo relax.\" \/>\n<meta property=\"og:url\" content=\"https:\/\/lariete.org\/it\/appartamenti\/\" \/>\n<meta property=\"og:site_name\" content=\"Agriturismo con 6 appartamenti e grande piscina\" \/>\n<meta property=\"article:publisher\" content=\"https:\/\/www.facebook.com\/vacationinumbria\" \/>\n<meta property=\"article:modified_time\" content=\"2020-05-15T12:03:51+00:00\" \/>\n<meta name=\"twitter:label1\" content=\"Tempo di lettura stimato\" \/>\n\t<meta name=\"twitter:data1\" content=\"2 minuti\" \/>\n<script type=\"application\/ld+json\" class=\"yoast-schema-graph\">{\"@context\":\"https:\/\/schema.org\",\"@graph\":[{\"@type\":\"WebPage\",\"@id\":\"https:\/\/lariete.org\/it\/appartamenti\/\",\"url\":\"https:\/\/lariete.org\/it\/appartamenti\/\",\"name\":\"APPARTAMENTI - Agriturismo con 6 appartamenti e grande piscina\",\"isPartOf\":{\"@id\":\"https:\/\/lariete.org\/#website\"},\"datePublished\":\"2014-11-16T15:39:52+00:00\",\"dateModified\":\"2020-05-15T12:03:51+00:00\",\"description\":\"Sei grandi appartamenti con 1 o 2 camere di letto, dai 70 ai 80m2 di superficie, bagno privato, cucina, salotto per il massimo relax.\",\"breadcrumb\":{\"@id\":\"https:\/\/lariete.org\/it\/appartamenti\/#breadcrumb\"},\"inLanguage\":\"it-IT\",\"potentialAction\":[{\"@type\":\"ReadAction\",\"target\":[\"https:\/\/lariete.org\/it\/appartamenti\/\"]}]},{\"@type\":\"BreadcrumbList\",\"@id\":\"https:\/\/lariete.org\/it\/appartamenti\/#breadcrumb\",\"itemListElement\":[{\"@type\":\"ListItem\",\"position\":1,\"name\":\"Home\",\"item\":\"https:\/\/lariete.org\/it\/\"},{\"@type\":\"ListItem\",\"position\":2,\"name\":\"APPARTAMENTI\"}]},{\"@type\":\"WebSite\",\"@id\":\"https:\/\/lariete.org\/#website\",\"url\":\"https:\/\/lariete.org\/\",\"name\":\"Urlaub am Agriturismo in Umbrien\",\"description\":\"Vacanza protetta in Umbria rurale\",\"potentialAction\":[{\"@type\":\"SearchAction\",\"target\":{\"@type\":\"EntryPoint\",\"urlTemplate\":\"https:\/\/lariete.org\/?s={search_term_string}\"},\"query-input\":\"required name=search_term_string\"}],\"inLanguage\":\"it-IT\"}]}<\/script>\n<!-- \/ Yoast SEO plugin. -->","yoast_head_json":{"title":"APPARTAMENTI - Agriturismo con 6 appartamenti e grande piscina","description":"Sei grandi appartamenti con 1 o 2 camere di letto, dai 70 ai 80m2 di superficie, bagno privato, cucina, salotto per il massimo relax.","robots":{"index":"index","follow":"follow","max-snippet":"max-snippet:-1","max-image-preview":"max-image-preview:large","max-video-preview":"max-video-preview:-1"},"canonical":"https:\/\/lariete.org\/it\/appartamenti\/","og_locale":"it_IT","og_type":"article","og_title":"APPARTAMENTI - Agriturismo con 6 appartamenti e grande piscina","og_description":"Sei grandi appartamenti con 1 o 2 camere di letto, dai 70 ai 80m2 di superficie, bagno privato, cucina, salotto per il massimo relax.","og_url":"https:\/\/lariete.org\/it\/appartamenti\/","og_site_name":"Agriturismo con 6 appartamenti e grande piscina","article_publisher":"https:\/\/www.facebook.com\/vacationinumbria","article_modified_time":"2020-05-15T12:03:51+00:00","twitter_misc":{"Tempo di lettura stimato":"2 minuti"},"schema":{"@context":"https:\/\/schema.org","@graph":[{"@type":"WebPage","@id":"https:\/\/lariete.org\/it\/appartamenti\/","url":"https:\/\/lariete.org\/it\/appartamenti\/","name":"APPARTAMENTI - Agriturismo con 6 appartamenti e grande piscina","isPartOf":{"@id":"https:\/\/lariete.org\/#website"},"datePublished":"2014-11-16T15:39:52+00:00","dateModified":"2020-05-15T12:03:51+00:00","description":"Sei grandi appartamenti con 1 o 2 camere di letto, dai 70 ai 80m2 di superficie, bagno privato, cucina, salotto per il massimo relax.","breadcrumb":{"@id":"https:\/\/lariete.org\/it\/appartamenti\/#breadcrumb"},"inLanguage":"it-IT","potentialAction":[{"@type":"ReadAction","target":["https:\/\/lariete.org\/it\/appartamenti\/"]}]},{"@type":"BreadcrumbList","@id":"https:\/\/lariete.org\/it\/appartamenti\/#breadcrumb","itemListElement":[{"@type":"ListItem","position":1,"name":"Home","item":"https:\/\/lariete.org\/it\/"},{"@type":"ListItem","position":2,"name":"APPARTAMENTI"}]},{"@type":"WebSite","@id":"https:\/\/lariete.org\/#website","url":"https:\/\/lariete.org\/","name":"Urlaub am Agriturismo in Umbrien","description":"Vacanza protetta in Umbria rurale","potentialAction":[{"@type":"SearchAction","target":{"@type":"EntryPoint","urlTemplate":"https:\/\/lariete.org\/?s={search_term_string}"},"query-input":"required name=search_term_string"}],"inLanguage":"it-IT"}]}},"_links":{"self":[{"href":"https:\/\/lariete.org\/it\/wp-json\/wp\/v2\/pages\/21283","targetHints":{"allow":["GET"]}}],"collection":[{"href":"https:\/\/lariete.org\/it\/wp-json\/wp\/v2\/pages"}],"about":[{"href":"https:\/\/lariete.org\/it\/wp-json\/wp\/v2\/types\/page"}],"author":[{"embeddable":true,"href":"https:\/\/lariete.org\/it\/wp-json\/wp\/v2\/users\/1"}],"replies":[{"embeddable":true,"href":"https:\/\/lariete.org\/it\/wp-json\/wp\/v2\/comments?post=21283"}],"version-history":[{"count":4,"href":"https:\/\/lariete.org\/it\/wp-json\/wp\/v2\/pages\/21283\/revisions"}],"predecessor-version":[{"id":30867,"href":"https:\/\/lariete.org\/it\/wp-json\/wp\/v2\/pages\/21283\/revisions\/30867"}],"wp:attachment":[{"href":"https:\/\/lariete.org\/it\/wp-json\/wp\/v2\/media?parent=21283"}],"curies":[{"name":"wp","href":"https:\/\/api.w.org\/{rel}","templated":true}]}}