{"id":21329,"date":"2014-11-17T17:04:46","date_gmt":"2014-11-17T16:04:46","guid":{"rendered":"https:\/\/www.lariete.org\/hofladen-2\/"},"modified":"2020-05-04T12:47:32","modified_gmt":"2020-05-04T10:47:32","slug":"negozio","status":"publish","type":"page","link":"https:\/\/lariete.org\/it\/negozio\/","title":{"rendered":"Orto biologico"},"content":{"rendered":"<div class=\"fusion-fullwidth fullwidth-box fusion-builder-row-1 nonhundred-percent-fullwidth non-hundred-percent-height-scrolling\" style=\"--awb-border-radius-top-left:0px;--awb-border-radius-top-right:0px;--awb-border-radius-bottom-right:0px;--awb-border-radius-bottom-left:0px;--awb-flex-wrap:wrap;\" ><div class=\"fusion-builder-row fusion-row\"><div class=\"fusion-layout-column fusion_builder_column fusion-builder-column-0 fusion_builder_column_1_1 1_1 fusion-one-full fusion-column-first fusion-column-last\" style=\"--awb-bg-size:cover;--awb-margin-bottom:0px;\"><div class=\"fusion-column-wrapper fusion-flex-column-wrapper-legacy\"><div class=\"fusion-text fusion-text-1\"><h1 style=\"text-align: center;\"><span style=\"color: #000000;\"><span style=\"font-family: Verdana, sans-serif;\"><b>Orto Bio<\/b><\/span><\/span><\/h1>\n<p><span style=\"font-family: Verdana, sans-serif;\"><span lang=\"en-US\">Nessun \u201c<\/span><\/span><span style=\"font-family: Verdana, sans-serif;\"><span lang=\"en-US\"><i>Omiodio ho dimenticato il prezzemolo\u201d <\/i><\/span><\/span><span style=\"font-family: Verdana, sans-serif;\"><span lang=\"en-US\">oppure \u201c<\/span><\/span><span style=\"font-family: Verdana, sans-serif;\"><span lang=\"en-US\"><i>quanto sarebbe bello poter raggiungere un po\u2019 di rosmarino alla trota di ruscello!\u201d <\/i><\/span><\/span><span style=\"font-family: Verdana, sans-serif;\"><span lang=\"en-US\">Nessun salto affrettato al supermercato per portare il profumo mediterraneo in cucina, o per andare a prendere i pomodori per una bella <\/span><\/span><span style=\"font-family: Verdana, sans-serif;\"><span lang=\"en-US\"><i>Caprese di mozzarella di bufala<\/i><\/span><\/span><span style=\"font-family: Verdana, sans-serif;\"><span lang=\"en-US\">.<\/span><\/span><\/p>\n<p><span style=\"font-family: Verdana, sans-serif;\"><span lang=\"en-US\">Nel nostro orto BIO potete raccogliere in ogni momento le vostre erbe aromatiche preferite, oppure, a seconda della stagione, colorare la vostra tavola con pomodori, zucchine, melanzane, cetrioli o peperoni dal nostro giardino vitaminico. Nel nostro orto BIO piantiamo esclusivamente verdure rare autoctone della regione, in base al concetto <\/span><\/span><span style=\"color: #333333;\"><span style=\"font-family: Verdana, sans-serif;\"><span lang=\"en-US\">Arca di No\u00e8<\/span><\/span><\/span><span style=\"font-family: Verdana, sans-serif;\"><span lang=\"en-US\">. Diversit\u00e0 e individualit\u00e0, perch\u00e9 il cielo non \u00e8 sempre solo azzurro e il pomodoro non sempre soltanto rosso.<\/span><\/span><\/p>\n<\/div><div class=\"fusion-clearfix\"><\/div><\/div><\/div><\/div><\/div>\n","protected":false},"excerpt":{"rendered":"","protected":false},"author":1,"featured_media":0,"parent":0,"menu_order":0,"comment_status":"closed","ping_status":"closed","template":"","meta":{"footnotes":""},"class_list":["post-21329","page","type-page","status-publish","hentry"],"yoast_head":"<!-- This site is optimized with the Yoast SEO plugin v20.13 - https:\/\/yoast.com\/wordpress\/plugins\/seo\/ -->\n<title>Orto biologico - Agriturismo con 6 appartamenti e grande piscina<\/title>\n<meta name=\"robots\" content=\"index, follow, max-snippet:-1, max-image-preview:large, max-video-preview:-1\" \/>\n<link rel=\"canonical\" href=\"https:\/\/lariete.org\/it\/negozio\/\" \/>\n<meta property=\"og:locale\" content=\"it_IT\" \/>\n<meta property=\"og:type\" content=\"article\" \/>\n<meta property=\"og:title\" content=\"Orto biologico - Agriturismo con 6 appartamenti e grande piscina\" \/>\n<meta property=\"og:url\" content=\"https:\/\/lariete.org\/it\/negozio\/\" \/>\n<meta property=\"og:site_name\" content=\"Agriturismo con 6 appartamenti e grande piscina\" \/>\n<meta property=\"article:publisher\" content=\"https:\/\/www.facebook.com\/vacationinumbria\" \/>\n<meta property=\"article:modified_time\" content=\"2020-05-04T10:47:32+00:00\" \/>\n<meta name=\"twitter:label1\" content=\"Tempo di lettura stimato\" \/>\n\t<meta name=\"twitter:data1\" content=\"1 minuto\" \/>\n<script type=\"application\/ld+json\" class=\"yoast-schema-graph\">{\"@context\":\"https:\/\/schema.org\",\"@graph\":[{\"@type\":\"WebPage\",\"@id\":\"https:\/\/lariete.org\/it\/negozio\/\",\"url\":\"https:\/\/lariete.org\/it\/negozio\/\",\"name\":\"Orto biologico - Agriturismo con 6 appartamenti e grande piscina\",\"isPartOf\":{\"@id\":\"https:\/\/lariete.org\/#website\"},\"datePublished\":\"2014-11-17T16:04:46+00:00\",\"dateModified\":\"2020-05-04T10:47:32+00:00\",\"breadcrumb\":{\"@id\":\"https:\/\/lariete.org\/it\/negozio\/#breadcrumb\"},\"inLanguage\":\"it-IT\",\"potentialAction\":[{\"@type\":\"ReadAction\",\"target\":[\"https:\/\/lariete.org\/it\/negozio\/\"]}]},{\"@type\":\"BreadcrumbList\",\"@id\":\"https:\/\/lariete.org\/it\/negozio\/#breadcrumb\",\"itemListElement\":[{\"@type\":\"ListItem\",\"position\":1,\"name\":\"Home\",\"item\":\"https:\/\/lariete.org\/it\/\"},{\"@type\":\"ListItem\",\"position\":2,\"name\":\"Orto biologico\"}]},{\"@type\":\"WebSite\",\"@id\":\"https:\/\/lariete.org\/#website\",\"url\":\"https:\/\/lariete.org\/\",\"name\":\"Urlaub am Agriturismo in Umbrien\",\"description\":\"Vacanza protetta in Umbria rurale\",\"potentialAction\":[{\"@type\":\"SearchAction\",\"target\":{\"@type\":\"EntryPoint\",\"urlTemplate\":\"https:\/\/lariete.org\/?s={search_term_string}\"},\"query-input\":\"required name=search_term_string\"}],\"inLanguage\":\"it-IT\"}]}<\/script>\n<!-- \/ Yoast SEO plugin. -->","yoast_head_json":{"title":"Orto biologico - Agriturismo con 6 appartamenti e grande piscina","robots":{"index":"index","follow":"follow","max-snippet":"max-snippet:-1","max-image-preview":"max-image-preview:large","max-video-preview":"max-video-preview:-1"},"canonical":"https:\/\/lariete.org\/it\/negozio\/","og_locale":"it_IT","og_type":"article","og_title":"Orto biologico - Agriturismo con 6 appartamenti e grande piscina","og_url":"https:\/\/lariete.org\/it\/negozio\/","og_site_name":"Agriturismo con 6 appartamenti e grande piscina","article_publisher":"https:\/\/www.facebook.com\/vacationinumbria","article_modified_time":"2020-05-04T10:47:32+00:00","twitter_misc":{"Tempo di lettura stimato":"1 minuto"},"schema":{"@context":"https:\/\/schema.org","@graph":[{"@type":"WebPage","@id":"https:\/\/lariete.org\/it\/negozio\/","url":"https:\/\/lariete.org\/it\/negozio\/","name":"Orto biologico - Agriturismo con 6 appartamenti e grande piscina","isPartOf":{"@id":"https:\/\/lariete.org\/#website"},"datePublished":"2014-11-17T16:04:46+00:00","dateModified":"2020-05-04T10:47:32+00:00","breadcrumb":{"@id":"https:\/\/lariete.org\/it\/negozio\/#breadcrumb"},"inLanguage":"it-IT","potentialAction":[{"@type":"ReadAction","target":["https:\/\/lariete.org\/it\/negozio\/"]}]},{"@type":"BreadcrumbList","@id":"https:\/\/lariete.org\/it\/negozio\/#breadcrumb","itemListElement":[{"@type":"ListItem","position":1,"name":"Home","item":"https:\/\/lariete.org\/it\/"},{"@type":"ListItem","position":2,"name":"Orto biologico"}]},{"@type":"WebSite","@id":"https:\/\/lariete.org\/#website","url":"https:\/\/lariete.org\/","name":"Urlaub am Agriturismo in Umbrien","description":"Vacanza protetta in Umbria rurale","potentialAction":[{"@type":"SearchAction","target":{"@type":"EntryPoint","urlTemplate":"https:\/\/lariete.org\/?s={search_term_string}"},"query-input":"required name=search_term_string"}],"inLanguage":"it-IT"}]}},"_links":{"self":[{"href":"https:\/\/lariete.org\/it\/wp-json\/wp\/v2\/pages\/21329","targetHints":{"allow":["GET"]}}],"collection":[{"href":"https:\/\/lariete.org\/it\/wp-json\/wp\/v2\/pages"}],"about":[{"href":"https:\/\/lariete.org\/it\/wp-json\/wp\/v2\/types\/page"}],"author":[{"embeddable":true,"href":"https:\/\/lariete.org\/it\/wp-json\/wp\/v2\/users\/1"}],"replies":[{"embeddable":true,"href":"https:\/\/lariete.org\/it\/wp-json\/wp\/v2\/comments?post=21329"}],"version-history":[{"count":1,"href":"https:\/\/lariete.org\/it\/wp-json\/wp\/v2\/pages\/21329\/revisions"}],"predecessor-version":[{"id":30851,"href":"https:\/\/lariete.org\/it\/wp-json\/wp\/v2\/pages\/21329\/revisions\/30851"}],"wp:attachment":[{"href":"https:\/\/lariete.org\/it\/wp-json\/wp\/v2\/media?parent=21329"}],"curies":[{"name":"wp","href":"https:\/\/api.w.org\/{rel}","templated":true}]}}