{"id":21333,"date":"2014-11-23T22:30:28","date_gmt":"2014-11-23T21:30:28","guid":{"rendered":"https:\/\/www.lariete.org\/anreise-2\/"},"modified":"2024-03-12T14:22:45","modified_gmt":"2024-03-12T13:22:45","slug":"arrivare","status":"publish","type":"page","link":"https:\/\/lariete.org\/it\/arrivare\/","title":{"rendered":"Dove siamo"},"content":{"rendered":"<p><div class=\"fusion-fullwidth fullwidth-box fusion-builder-row-1 nonhundred-percent-fullwidth non-hundred-percent-height-scrolling\" style=\"--awb-border-radius-top-left:0px;--awb-border-radius-top-right:0px;--awb-border-radius-bottom-right:0px;--awb-border-radius-bottom-left:0px;--awb-flex-wrap:wrap;\" ><div class=\"fusion-builder-row fusion-row\"><div class=\"fusion-layout-column fusion_builder_column fusion-builder-column-0 fusion_builder_column_1_1 1_1 fusion-one-full fusion-column-first fusion-column-last\" style=\"--awb-bg-size:cover;--awb-margin-bottom:0px;\"><div class=\"fusion-column-wrapper fusion-flex-column-wrapper-legacy\"><div class=\"fusion-text fusion-text-1\"><h1 lang=\"en-US\" style=\"text-align: center;\">Come arrivare<\/h1>\n<h3 lang=\"en-US\" style=\"text-align: center;\">La posizione del Agriturismo L&#8217;ARIETE nel cuore d\u2019Italia<\/h3>\n<p lang=\"en-US\" style=\"text-align: center;\">Il borgo di Montone \u00e8 facilmente raggiungibile con la E45, o tramite l\u2019A1 venendo da nord o sud:<\/p>\n<\/div><div class=\"fusion-clearfix\"><\/div><\/div><\/div><\/div><\/div><div class=\"fusion-fullwidth fullwidth-box fusion-builder-row-2 hundred-percent-fullwidth non-hundred-percent-height-scrolling\" style=\"--awb-border-radius-top-left:0px;--awb-border-radius-top-right:0px;--awb-border-radius-bottom-right:0px;--awb-border-radius-bottom-left:0px;--awb-overflow:visible;--awb-padding-right:100px;--awb-padding-left:100px;--awb-flex-wrap:wrap;\" ><div class=\"fusion-builder-row fusion-row\"><div class=\"fusion-layout-column fusion_builder_column fusion-builder-column-1 fusion_builder_column_1_1 1_1 fusion-one-full fusion-column-first fusion-column-last fusion-column-no-min-height\" style=\"--awb-bg-size:cover;--awb-margin-bottom:0px;\"><div class=\"fusion-column-wrapper fusion-flex-column-wrapper-legacy\"><div class=\"fusion-image-element fusion-image-align-center in-legacy-container\" style=\"text-align:center;--awb-caption-title-font-family:var(--h2_typography-font-family);--awb-caption-title-font-weight:var(--h2_typography-font-weight);--awb-caption-title-font-style:var(--h2_typography-font-style);--awb-caption-title-size:var(--h2_typography-font-size);--awb-caption-title-transform:var(--h2_typography-text-transform);--awb-caption-title-line-height:var(--h2_typography-line-height);--awb-caption-title-letter-spacing:var(--h2_typography-letter-spacing);\"><div class=\"imageframe-align-center\"><span class=\" fusion-imageframe imageframe-dropshadow imageframe-1 hover-type-none\" style=\"-webkit-box-shadow: 3px 3px 7px rgba(0,0,0,0.3);box-shadow: 3px 3px 7px rgba(0,0,0,0.3);\"><a href=\"https:\/\/www.lariete.org\/wordpress\/wp-content\/uploads\/2014\/11\/skizze-anfahrt.png\" class=\"fusion-lightbox\" data-rel=\"iLightbox[1fcb4afd599d073e6a2]\"><img decoding=\"async\" src=\"https:\/\/www.lariete.org\/wordpress\/wp-content\/uploads\/2014\/11\/skizze-anfahrt.png\" alt class=\"img-responsive\"\/><\/a><\/span><\/div><\/div><div class=\"fusion-text fusion-text-2\"><p><span lang=\"en-US\">Le coordinate GPS \u2013 per il vostro navigatore:<\/span><\/p>\n<p><span lang=\"en-US\">43\u00b021&#8217;52.69&#8243;N ,\u00a012\u00b019&#8217;56.46&#8243;E oppure N43.364636 e\u00a0E12.33235<\/span><\/p>\n<p><span lang=\"en-US\">A questo link troverete la visualizzazione con\u00a0<\/span><span lang=\"en-US\"><a href=\"https:\/\/maps.google.de\/maps\/ms?ie=UTF8&amp;hl=de&amp;msa=0&amp;msid=113824848335703735240.00049735497f4b66348a3&amp;ll=43.364432,12.328677&amp;spn=0.003604,0.010568&amp;t=k&amp;z=17\">Google<\/a> <a href=\"https:\/\/maps.google.de\/maps\/ms?ie=UTF8&amp;hl=de&amp;msa=0&amp;msid=113824848335703735240.00049735497f4b66348a3&amp;ll=43.364432,12.328677&amp;spn=0.003604,0.010568&amp;t=k&amp;z=17\">maps<\/a><\/span><span lang=\"en-US\">.<\/span><\/p>\n<h3 lang=\"en-US\"><\/h3>\n<h3 lang=\"en-US\">Consigli per l\u2019arrivo alla tenuta L&#8217;ARIETE<\/h3>\n<h3 lang=\"en-US\">Dal sud<\/h3>\n<p lang=\"en-US\">Da Perugia, 20 minuti sulla E45 in direzione Nord fino all\u2019uscita Montone\/Pietralunga, dopodich\u00e9 seguite ancora per 5 minuti la segnaletica con il logo di L&#8217;ARIETE.<\/p>\n<h3 lang=\"en-US\">Dal nord<\/h3>\n<p lang=\"en-US\">Da Bologna sulla A14, l\u2019autostrada adriatica, in direzione Rimini\/Ancona, uscite a Cesena per immettervi nella E45 che non ha pedaggio ed \u00e8 relativamente poco frequentata. La strada non \u00e8 priva di buchi, ma attualmente vengono eseguiti dei lavori di manutenzione.<\/p>\n<p lang=\"en-US\">Da Bologna sull\u2019A1 proseguire oltre Firenze fino ad Arezzo per qualche strada secondaria fino a Citta\u2019 di Castello sulla E45 o passando il Lago Trasimeno fino a Perugia \u2013 per lunghi tratti l\u2019A1 \u00e8 ancora a due corsie e soprattutto tra Bologna e Firenze \u00e8 intasata dai camion \u2013 durante la settimana la strada \u00e8 spesso molto faticosa.<\/p>\n<p lang=\"en-US\">Gli ultimi metri:<\/p>\n<p lang=\"en-US\">Uscite dall\u2019E45 a Montone\/Pietralunga e seguite la SP201 in direzione Pietralunga per 3 minuti. Poi seguite la strada sterrata in salita sulla collina \u2013 sempre accompagnati dalla segnaletica con il logo di L&#8217;ARIETE.<\/p>\n<h3 lang=\"en-US\">Con l\u2019aereo<\/h3>\n<p lang=\"en-US\">Roma, Firenze, Bologna e Ancona sono gli aeroporti internazionali pi\u00f9 vicini con collegamenti diretti. Anche l\u2019aeroporto di Perugia ha programmi ambiziosi ed \u00e8 scalo di Alitalia e ormai anche della Ryan\u2013Air.<\/p>\n<p lang=\"en-US\">Chi arriva in aereo con ogni probabilit\u00e0 nolegger\u00e0 una macchina, il che \u00e8 possibile in ciascun aeroporto menzionato prima.<\/p>\n<h3 lang=\"en-US\">Arrivo senza la macchina<\/h3>\n<p lang=\"en-US\">Siamo contenti degli ospiti che rendono un servizio all\u2019ambiente viaggiando con i mezzi pubblici. La rete italiana dei trasporti pubblici forse non \u00e8 tra le migliori, ma un soggiorno senza macchina \u00e8 assolutamente privo di problemi e cercheremo di darvi una mano nel miglior modo possibile per tutti i trasferimenti \u2013 naturalmente anche durante il vostro soggiorno!<\/p>\n<p lang=\"en-US\">L&#8217;ARIETE dista soltanto 10 minuti in macchina dalla stazione FS di Umbertide, da dove ci vogliono soltanto 30 minuti per raggiungere Perugia con collegamenti a Roma e Firenze. Treni notturni vi portano dalle principali citt\u00e0 mitteleuropee comodamente fino a noi.<\/p>\n<\/div><div class=\"fusion-clearfix\"><\/div><\/div><\/div><\/div><\/div><\/p>\n","protected":false},"excerpt":{"rendered":"","protected":false},"author":1,"featured_media":0,"parent":0,"menu_order":0,"comment_status":"open","ping_status":"closed","template":"100-width.php","meta":{"footnotes":""},"class_list":["post-21333","page","type-page","status-publish","hentry"],"yoast_head":"<!-- This site is optimized with the Yoast SEO plugin v20.13 - https:\/\/yoast.com\/wordpress\/plugins\/seo\/ -->\n<title>Dove siamo - Agriturismo con 6 appartamenti e grande piscina<\/title>\n<meta name=\"robots\" content=\"index, follow, max-snippet:-1, max-image-preview:large, max-video-preview:-1\" \/>\n<link rel=\"canonical\" href=\"https:\/\/lariete.org\/it\/arrivare\/\" \/>\n<meta property=\"og:locale\" content=\"it_IT\" \/>\n<meta property=\"og:type\" content=\"article\" \/>\n<meta property=\"og:title\" content=\"Dove siamo - Agriturismo con 6 appartamenti e grande piscina\" \/>\n<meta property=\"og:url\" content=\"https:\/\/lariete.org\/it\/arrivare\/\" \/>\n<meta property=\"og:site_name\" content=\"Agriturismo con 6 appartamenti e grande piscina\" \/>\n<meta property=\"article:publisher\" content=\"https:\/\/www.facebook.com\/vacationinumbria\" \/>\n<meta property=\"article:modified_time\" content=\"2024-03-12T13:22:45+00:00\" \/>\n<meta property=\"og:image\" content=\"https:\/\/www.lariete.org\/wordpress\/wp-content\/uploads\/2014\/11\/skizze-anfahrt.png\" \/>\n<meta name=\"twitter:label1\" content=\"Tempo di lettura stimato\" \/>\n\t<meta name=\"twitter:data1\" content=\"3 minuti\" \/>\n<script type=\"application\/ld+json\" class=\"yoast-schema-graph\">{\"@context\":\"https:\/\/schema.org\",\"@graph\":[{\"@type\":\"WebPage\",\"@id\":\"https:\/\/lariete.org\/it\/arrivare\/\",\"url\":\"https:\/\/lariete.org\/it\/arrivare\/\",\"name\":\"Dove siamo - Agriturismo con 6 appartamenti e grande piscina\",\"isPartOf\":{\"@id\":\"https:\/\/lariete.org\/#website\"},\"datePublished\":\"2014-11-23T21:30:28+00:00\",\"dateModified\":\"2024-03-12T13:22:45+00:00\",\"breadcrumb\":{\"@id\":\"https:\/\/lariete.org\/it\/arrivare\/#breadcrumb\"},\"inLanguage\":\"it-IT\",\"potentialAction\":[{\"@type\":\"ReadAction\",\"target\":[\"https:\/\/lariete.org\/it\/arrivare\/\"]}]},{\"@type\":\"BreadcrumbList\",\"@id\":\"https:\/\/lariete.org\/it\/arrivare\/#breadcrumb\",\"itemListElement\":[{\"@type\":\"ListItem\",\"position\":1,\"name\":\"Home\",\"item\":\"https:\/\/lariete.org\/it\/\"},{\"@type\":\"ListItem\",\"position\":2,\"name\":\"Dove siamo\"}]},{\"@type\":\"WebSite\",\"@id\":\"https:\/\/lariete.org\/#website\",\"url\":\"https:\/\/lariete.org\/\",\"name\":\"Urlaub am Agriturismo in Umbrien\",\"description\":\"Vacanza protetta in Umbria rurale\",\"potentialAction\":[{\"@type\":\"SearchAction\",\"target\":{\"@type\":\"EntryPoint\",\"urlTemplate\":\"https:\/\/lariete.org\/?s={search_term_string}\"},\"query-input\":\"required name=search_term_string\"}],\"inLanguage\":\"it-IT\"}]}<\/script>\n<!-- \/ Yoast SEO plugin. -->","yoast_head_json":{"title":"Dove siamo - Agriturismo con 6 appartamenti e grande piscina","robots":{"index":"index","follow":"follow","max-snippet":"max-snippet:-1","max-image-preview":"max-image-preview:large","max-video-preview":"max-video-preview:-1"},"canonical":"https:\/\/lariete.org\/it\/arrivare\/","og_locale":"it_IT","og_type":"article","og_title":"Dove siamo - Agriturismo con 6 appartamenti e grande piscina","og_url":"https:\/\/lariete.org\/it\/arrivare\/","og_site_name":"Agriturismo con 6 appartamenti e grande piscina","article_publisher":"https:\/\/www.facebook.com\/vacationinumbria","article_modified_time":"2024-03-12T13:22:45+00:00","og_image":[{"url":"https:\/\/www.lariete.org\/wordpress\/wp-content\/uploads\/2014\/11\/skizze-anfahrt.png"}],"twitter_misc":{"Tempo di lettura stimato":"3 minuti"},"schema":{"@context":"https:\/\/schema.org","@graph":[{"@type":"WebPage","@id":"https:\/\/lariete.org\/it\/arrivare\/","url":"https:\/\/lariete.org\/it\/arrivare\/","name":"Dove siamo - Agriturismo con 6 appartamenti e grande piscina","isPartOf":{"@id":"https:\/\/lariete.org\/#website"},"datePublished":"2014-11-23T21:30:28+00:00","dateModified":"2024-03-12T13:22:45+00:00","breadcrumb":{"@id":"https:\/\/lariete.org\/it\/arrivare\/#breadcrumb"},"inLanguage":"it-IT","potentialAction":[{"@type":"ReadAction","target":["https:\/\/lariete.org\/it\/arrivare\/"]}]},{"@type":"BreadcrumbList","@id":"https:\/\/lariete.org\/it\/arrivare\/#breadcrumb","itemListElement":[{"@type":"ListItem","position":1,"name":"Home","item":"https:\/\/lariete.org\/it\/"},{"@type":"ListItem","position":2,"name":"Dove siamo"}]},{"@type":"WebSite","@id":"https:\/\/lariete.org\/#website","url":"https:\/\/lariete.org\/","name":"Urlaub am Agriturismo in Umbrien","description":"Vacanza protetta in Umbria rurale","potentialAction":[{"@type":"SearchAction","target":{"@type":"EntryPoint","urlTemplate":"https:\/\/lariete.org\/?s={search_term_string}"},"query-input":"required name=search_term_string"}],"inLanguage":"it-IT"}]}},"_links":{"self":[{"href":"https:\/\/lariete.org\/it\/wp-json\/wp\/v2\/pages\/21333","targetHints":{"allow":["GET"]}}],"collection":[{"href":"https:\/\/lariete.org\/it\/wp-json\/wp\/v2\/pages"}],"about":[{"href":"https:\/\/lariete.org\/it\/wp-json\/wp\/v2\/types\/page"}],"author":[{"embeddable":true,"href":"https:\/\/lariete.org\/it\/wp-json\/wp\/v2\/users\/1"}],"replies":[{"embeddable":true,"href":"https:\/\/lariete.org\/it\/wp-json\/wp\/v2\/comments?post=21333"}],"version-history":[{"count":5,"href":"https:\/\/lariete.org\/it\/wp-json\/wp\/v2\/pages\/21333\/revisions"}],"predecessor-version":[{"id":32722,"href":"https:\/\/lariete.org\/it\/wp-json\/wp\/v2\/pages\/21333\/revisions\/32722"}],"wp:attachment":[{"href":"https:\/\/lariete.org\/it\/wp-json\/wp\/v2\/media?parent=21333"}],"curies":[{"name":"wp","href":"https:\/\/api.w.org\/{rel}","templated":true}]}}