{"id":24170,"date":"2017-08-19T16:23:05","date_gmt":"2017-08-19T15:23:05","guid":{"rendered":"https:\/\/www.lariete.org\/?page_id=24170\/"},"modified":"2019-01-07T22:28:26","modified_gmt":"2019-01-07T21:28:26","slug":"info-reservering","status":"publish","type":"page","link":"https:\/\/lariete.org\/nl\/info-reservering\/","title":{"rendered":"Info + Reservering"},"content":{"rendered":"<p><div class=\"fusion-fullwidth fullwidth-box fusion-builder-row-1 hundred-percent-fullwidth non-hundred-percent-height-scrolling\" style=\"--awb-border-radius-top-left:0px;--awb-border-radius-top-right:0px;--awb-border-radius-bottom-right:0px;--awb-border-radius-bottom-left:0px;--awb-overflow:visible;--awb-padding-right:100px;--awb-padding-left:100px;--awb-flex-wrap:wrap;\" ><div class=\"fusion-builder-row fusion-row\"><div class=\"fusion-layout-column fusion_builder_column fusion-builder-column-0 fusion_builder_column_1_1 1_1 fusion-one-full fusion-column-first fusion-column-last\" style=\"--awb-bg-size:cover;\"><div class=\"fusion-column-wrapper fusion-flex-column-wrapper-legacy\"><div class=\"fusion-text fusion-text-1\"><h1 style=\"text-align: center;\">Beschikbaarheid<\/h1>\n<h2 style=\"text-align: center;\">F\u00dcR ANFRAGEN BENUTZEN SIE BITTE DAS KONTAKTFORMULAR WEITER UNTEN<\/h2>\n<p style=\"text-align: center;\">Wir antworten normalerweise umgehend. Sollten Sie innerhalb einiger Minuten keine Best\u00e4tigung Ihrer Anfrage<\/p>\n<p style=\"text-align: center;\">erhalten, dann haben Sie wahrscheinlich Ihre mail-Adresse nicht korrekt eingegeben. In diesem Fall bitte um eine neuerliche Anfrage &#8211; Danke!<\/p>\n<\/div><div class=\"fusion-clearfix\"><\/div><\/div><\/div><\/div><\/div><div class=\"fusion-fullwidth fullwidth-box fusion-builder-row-2 nonhundred-percent-fullwidth non-hundred-percent-height-scrolling\" style=\"--awb-border-radius-top-left:0px;--awb-border-radius-top-right:0px;--awb-border-radius-bottom-right:0px;--awb-border-radius-bottom-left:0px;--awb-flex-wrap:wrap;\" ><div class=\"fusion-builder-row fusion-row\"><div class=\"fusion-layout-column fusion_builder_column fusion-builder-column-1 fusion_builder_column_1_1 1_1 fusion-one-full fusion-column-first fusion-column-last\" style=\"--awb-padding-right:100px;--awb-padding-left:100px;--awb-bg-size:cover;--awb-margin-bottom:0px;\"><div class=\"fusion-column-wrapper fusion-flex-column-wrapper-legacy\"><div class=\"fusion-text fusion-text-2\"><h2 style=\"text-align: center;\"><\/h2>\n<h2 style=\"text-align: center;\"><\/h2>\n<h1 style=\"text-align: center;\">Informationen zur Buchung<\/h1>\n<h2 style=\"text-align: center;\">Sch\u00f6n, dass Sie uns besuchen wollen!<\/h2>\n<p>Wir sind ein kleiner Betrieb, und haben daher die notwendige Zeit und Lust, um auf Ihre W\u00fcnsche einzugehen.<\/p>\n<p>Unser Ziel: Sie sollen sich hier genauso wohl f\u00fchlen wie wir!<\/p>\n<p>Oben\u00a0finden Sie das\u00a0Kontaktformular\u00a0f\u00fcr Ihre Anfrage, hier im folgenden die &#8220;technische&#8221; Seite:<\/p>\n<p><!--more--><\/p>\n<h2>Buchungsablauf &amp; Mietkonditionen<\/h2>\n<p>Bei Buchung schlie\u00dfen sie mit uns einen Mietvertrag ab; die wesentlichen Eckpunkte hier kurz zusammengefasst:<\/p>\n<p>Was ist im Mietpreis alles enthalten?<\/p>\n<p>Die Anmietung unserer \u00a0Ferienappartments inkludiert Tisch- und Bettw\u00e4sche, \u00a0Geschirr- und Handt\u00fccher.<\/p>\n<p>Im Mietpreis enthalten sind der w\u00f6chentliche Wechsel von Bettw\u00e4sche und Handt\u00fcchern, sowie der Verbrauch von Wasser, Strom und Gas. Die Reinigung der Suiten und Appartements erfolgt w\u00f6chentlich. Selbstverst\u00e4ndlich kann zu einem Aufpreis auf Wunsch unser Reinigungs- bzw. W\u00e4scheservice t\u00e4glich angefordert werden.<\/p>\n<p>Kinder im Kinderbett ohne Aufzahlung; Kinderbetten und Kindersitze werden gratis zur Verf\u00fcgung gestellt.<\/p>\n<p>Die Mitnahme von Haustieren ist gratis, allerdings an vorherige R\u00fccksprache mit uns gebunden.<\/p>\n<p>Zur An- und Abreise:<\/p>\n<p>Wir ersuchen\u00a0 Sie, die Appartments am Tag der Abreise um 10.00 zu \u00fcbergeben. Die Anreise kann ab 16.00 erfolgen; diejenigen unter unseren G\u00e4sten, die flugbedingt sehr fr\u00fch ankommen, k\u00f6nnen sich nat\u00fcrlich mit uns in Verbindung setzen, und wir werden uns um eine flexible L\u00f6sung bem\u00fchen.<\/p>\n<p><strong>Zum Mietpreis und den Zahlungsmodalit\u00e4ten:<\/strong><\/p>\n<p>Die Mietpreise verstehen sich inkl. aller gesetzlichen Abgaben. Innerhalb von 14 Tagen nach Erhalt der Rechnung ersuchen wir Sie, 30 % des Mietpreises als Anzahlung auf das angegebene Konto zu \u00fcberweisen. Der Restbetrag ist bis sp\u00e4testens 30 Tage vor Mietbeginn auf dasselbe Konto zu zahlen. Bei kurzfristigen Buchungen von weniger als 30 Tagen wird der gesamte Betrag bei Vertragsschluss f\u00e4llig.<\/p>\n<p><strong>Zur Stornierung:<\/strong><\/p>\n<p>Sollte sie den Urlaub nicht antreten k\u00f6nnen, fallen leider Stornierungs-Geb\u00fchren an; Details entnehmen Sie bitte dem Vertrag. In jedem Fall ist es ratsam, eine Reiseversicherung abzuschlie\u00dfen; hier eine M\u00f6glichkeit:<\/p>\n<p><a href=\"https:\/\/www.europaeische.at\/\">Europ\u00e4ische Reiseversicherung<\/a><\/p>\n<p>Tipp: Pr\u00fcfen Sie aber auch, \u00fcber welchen Versicherungsschutz Sie durch ihre Kreditkarte oder Ihren Automobilclub verf\u00fcgen!<\/p>\n<p style=\"text-align: center;\">\n<\/div><div class=\"fusion-clearfix\"><\/div><\/div><\/div><\/div><\/div><\/p>\n","protected":false},"excerpt":{"rendered":"<p>Informationen zur Buchung Sch\u00f6n, dass Sie uns besuchen wollen! Wir sind ein kleiner Betrieb, und haben daher die notwendige Zeit und Lust, um auf Ihre W\u00fcnsche einzugehen. Unser Ziel: Sie sollen sich hier genauso wohl f\u00fchlen wie wir! Oben\u00a0finden Sie das\u00a0Kontaktformular\u00a0f\u00fcr Ihre Anfrage, hier im folgenden die &#8220;technische&#8221; Seite:<\/p>\n","protected":false},"author":1,"featured_media":0,"parent":0,"menu_order":0,"comment_status":"open","ping_status":"closed","template":"100-width.php","meta":{"footnotes":""},"class_list":["post-24170","page","type-page","status-publish","hentry"],"yoast_head":"<!-- This site is optimized with the Yoast SEO plugin v20.13 - https:\/\/yoast.com\/wordpress\/plugins\/seo\/ -->\n<title>Info + Reservering - Vakantie in Umbrie Agriturismo<\/title>\n<meta name=\"robots\" content=\"index, follow, max-snippet:-1, max-image-preview:large, max-video-preview:-1\" \/>\n<link rel=\"canonical\" href=\"https:\/\/lariete.org\/nl\/info-reservering\/\" \/>\n<meta property=\"og:locale\" content=\"nl_NL\" \/>\n<meta property=\"og:type\" content=\"article\" \/>\n<meta property=\"og:title\" content=\"Info + Reservering - Vakantie in Umbrie Agriturismo\" \/>\n<meta property=\"og:description\" content=\"Informationen zur Buchung Sch\u00f6n, dass Sie uns besuchen wollen! Wir sind ein kleiner Betrieb, und haben daher die notwendige Zeit und Lust, um auf Ihre W\u00fcnsche einzugehen. Unser Ziel: Sie sollen sich hier genauso wohl f\u00fchlen wie wir! Oben\u00a0finden Sie das\u00a0Kontaktformular\u00a0f\u00fcr Ihre Anfrage, hier im folgenden die &#8220;technische&#8221; Seite:\" \/>\n<meta property=\"og:url\" content=\"https:\/\/lariete.org\/nl\/info-reservering\/\" \/>\n<meta property=\"og:site_name\" content=\"Vakantie in Umbrie Agriturismo\" \/>\n<meta property=\"article:publisher\" content=\"https:\/\/www.facebook.com\/vacationinumbria\" \/>\n<meta property=\"article:modified_time\" content=\"2019-01-07T21:28:26+00:00\" \/>\n<meta name=\"twitter:label1\" content=\"Geschatte leestijd\" \/>\n\t<meta name=\"twitter:data1\" content=\"3 minuten\" \/>\n<script type=\"application\/ld+json\" class=\"yoast-schema-graph\">{\"@context\":\"https:\/\/schema.org\",\"@graph\":[{\"@type\":\"WebPage\",\"@id\":\"https:\/\/lariete.org\/nl\/info-reservering\/\",\"url\":\"https:\/\/lariete.org\/nl\/info-reservering\/\",\"name\":\"Info + Reservering - Vakantie in Umbrie Agriturismo\",\"isPartOf\":{\"@id\":\"https:\/\/lariete.org\/#website\"},\"datePublished\":\"2017-08-19T15:23:05+00:00\",\"dateModified\":\"2019-01-07T21:28:26+00:00\",\"breadcrumb\":{\"@id\":\"https:\/\/lariete.org\/nl\/info-reservering\/#breadcrumb\"},\"inLanguage\":\"nl-NL\",\"potentialAction\":[{\"@type\":\"ReadAction\",\"target\":[\"https:\/\/lariete.org\/nl\/info-reservering\/\"]}]},{\"@type\":\"BreadcrumbList\",\"@id\":\"https:\/\/lariete.org\/nl\/info-reservering\/#breadcrumb\",\"itemListElement\":[{\"@type\":\"ListItem\",\"position\":1,\"name\":\"Home\",\"item\":\"https:\/\/lariete.org\/nl\/home-backupseite\/\"},{\"@type\":\"ListItem\",\"position\":2,\"name\":\"Info + Reservering\"}]},{\"@type\":\"WebSite\",\"@id\":\"https:\/\/lariete.org\/#website\",\"url\":\"https:\/\/lariete.org\/\",\"name\":\"Urlaub am Agriturismo in Umbrien\",\"description\":\"vakantie-appartementen met zwembad\",\"potentialAction\":[{\"@type\":\"SearchAction\",\"target\":{\"@type\":\"EntryPoint\",\"urlTemplate\":\"https:\/\/lariete.org\/?s={search_term_string}\"},\"query-input\":\"required name=search_term_string\"}],\"inLanguage\":\"nl-NL\"}]}<\/script>\n<!-- \/ Yoast SEO plugin. -->","yoast_head_json":{"title":"Info + Reservering - Vakantie in Umbrie Agriturismo","robots":{"index":"index","follow":"follow","max-snippet":"max-snippet:-1","max-image-preview":"max-image-preview:large","max-video-preview":"max-video-preview:-1"},"canonical":"https:\/\/lariete.org\/nl\/info-reservering\/","og_locale":"nl_NL","og_type":"article","og_title":"Info + Reservering - Vakantie in Umbrie Agriturismo","og_description":"Informationen zur Buchung Sch\u00f6n, dass Sie uns besuchen wollen! Wir sind ein kleiner Betrieb, und haben daher die notwendige Zeit und Lust, um auf Ihre W\u00fcnsche einzugehen. Unser Ziel: Sie sollen sich hier genauso wohl f\u00fchlen wie wir! Oben\u00a0finden Sie das\u00a0Kontaktformular\u00a0f\u00fcr Ihre Anfrage, hier im folgenden die &#8220;technische&#8221; Seite:","og_url":"https:\/\/lariete.org\/nl\/info-reservering\/","og_site_name":"Vakantie in Umbrie Agriturismo","article_publisher":"https:\/\/www.facebook.com\/vacationinumbria","article_modified_time":"2019-01-07T21:28:26+00:00","twitter_misc":{"Geschatte leestijd":"3 minuten"},"schema":{"@context":"https:\/\/schema.org","@graph":[{"@type":"WebPage","@id":"https:\/\/lariete.org\/nl\/info-reservering\/","url":"https:\/\/lariete.org\/nl\/info-reservering\/","name":"Info + Reservering - Vakantie in Umbrie Agriturismo","isPartOf":{"@id":"https:\/\/lariete.org\/#website"},"datePublished":"2017-08-19T15:23:05+00:00","dateModified":"2019-01-07T21:28:26+00:00","breadcrumb":{"@id":"https:\/\/lariete.org\/nl\/info-reservering\/#breadcrumb"},"inLanguage":"nl-NL","potentialAction":[{"@type":"ReadAction","target":["https:\/\/lariete.org\/nl\/info-reservering\/"]}]},{"@type":"BreadcrumbList","@id":"https:\/\/lariete.org\/nl\/info-reservering\/#breadcrumb","itemListElement":[{"@type":"ListItem","position":1,"name":"Home","item":"https:\/\/lariete.org\/nl\/home-backupseite\/"},{"@type":"ListItem","position":2,"name":"Info + Reservering"}]},{"@type":"WebSite","@id":"https:\/\/lariete.org\/#website","url":"https:\/\/lariete.org\/","name":"Urlaub am Agriturismo in Umbrien","description":"vakantie-appartementen met zwembad","potentialAction":[{"@type":"SearchAction","target":{"@type":"EntryPoint","urlTemplate":"https:\/\/lariete.org\/?s={search_term_string}"},"query-input":"required name=search_term_string"}],"inLanguage":"nl-NL"}]}},"_links":{"self":[{"href":"https:\/\/lariete.org\/nl\/wp-json\/wp\/v2\/pages\/24170","targetHints":{"allow":["GET"]}}],"collection":[{"href":"https:\/\/lariete.org\/nl\/wp-json\/wp\/v2\/pages"}],"about":[{"href":"https:\/\/lariete.org\/nl\/wp-json\/wp\/v2\/types\/page"}],"author":[{"embeddable":true,"href":"https:\/\/lariete.org\/nl\/wp-json\/wp\/v2\/users\/1"}],"replies":[{"embeddable":true,"href":"https:\/\/lariete.org\/nl\/wp-json\/wp\/v2\/comments?post=24170"}],"version-history":[{"count":0,"href":"https:\/\/lariete.org\/nl\/wp-json\/wp\/v2\/pages\/24170\/revisions"}],"wp:attachment":[{"href":"https:\/\/lariete.org\/nl\/wp-json\/wp\/v2\/media?parent=24170"}],"curies":[{"name":"wp","href":"https:\/\/api.w.org\/{rel}","templated":true}]}}