{"id":27371,"date":"2018-05-24T20:16:50","date_gmt":"2018-05-24T19:16:50","guid":{"rendered":"https:\/\/www.lariete.org\/cookie-policy\/"},"modified":"2018-08-28T16:42:21","modified_gmt":"2018-08-28T15:42:21","slug":"cookie-policy","status":"publish","type":"page","link":"https:\/\/lariete.org\/nl\/cookie-policy\/","title":{"rendered":"Privacy Policy"},"content":{"rendered":"<h2>Privacy Policy<\/h2>\n<p>Il sito WEB utilizza i cookies per offrire i propri servizi semplici e efficienti agli Utenti durante la consultazione delle sue pagine.<\/p>\n<p>Le tabelle riportate di seguito riepilogano i diversi tipi di cookie che potrebbero essere utilizzati sul Sito, insieme alla loro rispettiva funzione e durata (ovvero per quanto tempo ciascun cookie rimarr\u00e0 sul vostro dispositivo).<\/p>\n<p>L&#8217;informativa \u00e8 valida solo per il suddetto Sito ed ai correlati suoi domini di secondo e terzo livello e non per eventuali altri siti consultabili tramite link.<\/p>\n<p>Facendo uso di questo Sito si acconsente il nostro utilizzo di cookie in conformit\u00e0 con la presente Cookie Policy. Se non si acconsente al nostro utilizzo di cookie, occorre impostare il proprio browser in modo appropriato oppure non usare il presente sito o i domini di secondo e terzo livello corrispondenti. Se si decide di disabilitare i cookie che vengono impiegati sul Sito potrebbe esserne influenzata l\u2019esperienza di navigazione sullo stesso.<\/p>\n<h3>Informazioni generali sui cookies<\/h3>\n<p><strong>Cosa sono i cookies?<\/strong><br \/>\nI cookie sono files o dati parziali che possono venire salvati sul vostro computer (o altri dispositivi abilitati alla navigazione su internet, per esempio smartphone o tablet) quando visitate un sito. Di solito un cookie contiene il nome del sito internet dal quale il cookie stesso proviene, la &#8220;durata vitale&#8221; del cookie (ovvero per quanto tempo rimarr\u00e0 sul vostro dispositivo), ed un valore che di regola \u00e8 un numero unico generato in modo casuale.<\/p>\n<p><strong>Per cosa si usano i cookies?<\/strong><br \/>\nSi utilizzano i cookie per rendere la navigazione pi\u00f9 semplice e per meglio adattarli ai vostri interessi e bisogni. I cookie possono anche essere impiegati per aiutare a velocizzare le vostre future esperienze ed attivit\u00e0 sui siti web. Inoltre si usano i cookie per compilare statistiche anonime aggregate che consentono di capire come le persone usano i siti in modo da aiutare a migliorare la struttura ed i contenuti di questi siti.<\/p>\n<p>&nbsp;<\/p>\n<h3>Tipologia di cookie utilizzati<\/h3>\n<p><strong>Necessario<\/strong><br \/>\nQuesti cookie sono essenziali per il corretto funzionamento dei nostri siti, consentono alle persone di navigare sui nostri siti internet e di sfruttarne le caratteristiche come la memorizzazione di azioni precedenti (testi inseriti) quando si ritorna ad una pagina nel corso della medesima sessione.<\/p>\n<p>Questi cookie non ti identificano come individuo. Se questi cookie non vengono accettati la navigazione sul Sito potrebbe risultare difficoltosa.<\/p>\n<p><strong>Performance<\/strong><br \/>\nQuesti cookie ci aiutano a capire come gli utenti interagiscono con i nostri siti internet fornendoci informazioni relative alle sezioni visitate, il tempo trascorso sul sito ed eventuali messaggi di errore che dovessero comparire durante la navigazione. Questo tipo di cookie servono per consentirci di offrirti la miglior esperienza possibile.<\/p>\n<p>Questi cookie non ti identificano come individuo. Tutti i dati vengono raccolti e aggregati in forma anonima.<\/p>\n<p><strong>Funzionalit\u00e0<\/strong><br \/>\nQuesti cookie permettono ai nostri siti internet di ricordare le scelte dell&#8217;utente (per esempio, il vostro nome utente, la lingua prescelta o la regione in cui vi trovate, gli eventuali prodotti inseriti nel carrello della spesa) per fornirvi un\u2019esperienza online personalizzata e piacevole. Possono anche consentire agli utenti di visualizzare i video o interagire con con gli strumenti sociali tipo blog e forum.<\/p>\n<p>Le informazioni raccolte da questi cookie possono includere informazioni personali identificabili, per esempio il vostro nome utente o immagine del profilo. Saremo sempre trasparenti nei vostri confronti in merito alle informazioni raccolte, l\u2019utilizzo che ne viene fatto ed eventuali terzi con cui possono essere condivise.<br \/>\nSe non si accettano questi cookie, la resa e funzionalit\u00e0 del sito internet potrebbe risultare meno efficiente e l\u2019accesso ai contenuti del sito potrebbe venire limitata.<\/p>\n<p><strong>Targeting \/ pubblicit\u00e0<\/strong><br \/>\nQuesti cookie vengono usati per presentare contenuti pi\u00f9 adatti a voi e ai vostri interessi. Possono venire usati per visualizzare pubblicit\u00e0 mirate o per limitare il numero di volte che visualizzate una pubblicit\u00e0. Inoltre ci aiutano a misurare l\u2019efficacia delle campagne pubblicitarie sui nostri siti internet.<br \/>\nPotremmo usare questi cookie per ricordare i siti internet che avete visitato e potremmo condividere queste informazioni con terze parti.<\/p>\n<p>La maggioranza di cookie di questo tipo tracciano i consumatori attraverso il loro indirizzo IP e quindi potrebbero raccogliere alcune informazioni personali identificabili. Per ulteriori informazioni su questi cookie, incluse le informazioni che vengono raccolte e sul loro utilizzo, consultate la relativa tabella.<\/p>\n<p>&nbsp;<\/p>\n<h3>Che tipi di cookies si usano?<\/h3>\n<p>Due tipi di cookie possono venire usati sui siti: \u2019session cookies\u2019 e \u2019persistent cookies\u2019.<\/p>\n<ul>\n<li><strong>Session cookies:<\/strong>\u00a0sono cookie temporanei che rimangono sul vostro dispositivo fino al momento in cui lasciate il sito.<\/li>\n<li><strong>Persistent cookies:<\/strong>\u00a0sono cookie che rimangono sul vostro dispositivo per molto pi\u00f9 tempo o fino a quando lo cancellate manualmente (quanto tempo il cookie rimane sul vostro dispositivo dipender\u00e0 dalla \u2018durata vitale\u2019 del cookie in oggetto e dalle impostazioni del vostro browser).<\/li>\n<\/ul>\n<p>Alcune delle pagine che visitate possono anche raccogliere informazioni mediante \u2018pixel tags\u2019 (conosciuti anche con il nome \u2018clear gifs\u2019) che potrebbero essere condivisi con terze parti che assistono in modo diretto le attivit\u00e0 promozionali e lo sviluppo dei siti internet. Per esempio, informazioni sull&#8217;uso dei siti internet relative alle persone che visitano i siti possono venire condivise con agenzie pubblicitarie per proporre solo offerte in target e di interesse.<\/p>\n<p>Un&#8217;altra suddivisione di tipologia di Cookie &#8211; indicata dal Garante per la protezione dei dati personali &#8211; \u00e8 tra Cookies Tecnici e Cookies di Profilazione.<\/p>\n<ul>\n<li><strong>Cookies Tecnici:<\/strong>\u00a0sono i cookie che servono per proporre solo offerte in target e di interesse. o a fornire un servizio richiesto dall&#8217;utente. Non vengono utilizzati per altri scopi e sono normalmente installati direttamente dal titolare del sito web. Senza il ricorso a tali cookie, alcune operazioni non potrebbero essere compiute o sarebbero pi\u00f9 complesse e\/o meno sicure, come ad esempio le attivit\u00e0 di home banking (visualizzazione dell&#8217;estratto conto, bonifici, pagamento di bollette, ecc.), per le quali i cookie, che consentono di effettuare e mantenere l&#8217;identificazione dell&#8217;utente nell&#8217;ambito della sessione, risultano indispensabili.<\/li>\n<li><strong>Cookies di Profilazione:<\/strong>\u00a0sono i cookie utilizzati per tracciare la navigazione dell&#8217;utente in rete e creare profili sui suoi gusti, abitudini, scelte, ecc. Con questi cookie possono essere trasmessi al terminale dell&#8217;utente messaggi pubblicitari in linea con le preferenze gi\u00e0 manifestate dallo stesso utente nella navigazione online.<\/li>\n<\/ul>\n<p>&nbsp;<\/p>\n<h3><strong>Come posso controllare o cancellare i cookies?<\/strong><\/h3>\n<p>La maggior parte dei browser internet sono inizialmente impostati per accettare i cookie in modo automatico. Potete modificare queste impostazioni per bloccare i cookie o per avvertirvi che dei cookie vengono mandati al vostro dispositivo. Esistono svariati modi per gestire i cookie: si pu\u00f2, si pu\u00f2 fare riferimento al manuale d\u2019istruzioni o alla schermata di aiuto del vostro browser per scoprire come regolare o modificare le impostazioni del vostro browser. Disabilitando i cookie potrebbero essere influenzata la vostra navigazione, per esempio potreste non essere in grado di visitare certe sezioni del Sito o non ricevere informazioni personalizzate quando visitate un sito.<\/p>\n<p>Se usate dispositivi diversi tra loro per visualizzare e accedere ai siti Internet (per esempio, computer, smartphone, tablet, ecc.), dovrete assicurarvi che ciascun browser su ciascun dispositivo sia regolato per riflettere le vostre preferenze relative ai cookie.<\/p>\n<p>&nbsp;<\/p>\n<h3><strong>Cookie di terze parti usati<\/strong><\/h3>\n<table class=\"coo\" border=\"\">\n<tbody>\n<tr bgcolor=\"#ddd\">\n<td width=\"20%\"><strong>Nome<\/strong><\/td>\n<td width=\"50%\"><strong>Descrizione<\/strong><\/td>\n<td width=\"20%\"><strong>Dati Raccolti<\/strong><\/td>\n<td width=\"10%\"><strong>Luogo\u00a0del trattamento<\/strong><br \/>\n<strong>e Policy Link<\/strong><\/td>\n<\/tr>\n<tr>\n<td><strong>Pulsante +1 e widget sociali di Google+<\/strong><strong>(Google Inc.)<\/strong><\/td>\n<td>Il pulsante +1 e i widget sociali di Google+ sono servizi di interazione con il social network Google+, forniti da Google Inc<\/td>\n<td>Cookie e dati di utilizzo<\/td>\n<td>USA<br \/>\n<a class=\"ext-link\" href=\"https:\/\/www.google.com\/intl\/it\/policies\/privacy\/\" target=\"_blank\" rel=\"external nofollow noopener\">Privacy Policy<\/a><\/td>\n<\/tr>\n<tr>\n<td><strong>Pulsante Mi Piace e widget sociali di Facebook<br \/>\n(Facebook, Inc.)<\/strong><\/td>\n<td>Il pulsante \u201cMi Piace\u201d e i widget sociali di Facebook sono servizi di interazione con il social network Facebook, forniti da Facebook, Inc.<\/td>\n<td>Cookie e dati di utilizzo<\/td>\n<td>USA<br \/>\n<a class=\"ext-link\" href=\"https:\/\/www.facebook.com\/privacy\/explanation.php\" target=\"_blank\" rel=\"external nofollow noopener\">Privacy Policy<\/a><\/td>\n<\/tr>\n<tr>\n<td><strong>Pulsante Tweet e widget sociali di Twitter<br \/>\n(Twitter, Inc.)<\/strong><\/td>\n<td>Il pulsante Tweet e i widget sociali di Twitter sono servizi di interazione con il social network Twitter, forniti da Twitter, Inc<\/td>\n<td>Cookie e dati di utilizzo<\/td>\n<td>\u00a0USA<br \/>\n<a class=\"ext-link\" href=\"https:\/\/twitter.com\/privacy\" target=\"_blank\" rel=\"external nofollow noopener\">Privacy Policy<\/a><\/td>\n<\/tr>\n<tr>\n<td><strong>Google Analytics<\/strong><br \/>\n<strong>(Google Inc.)<\/strong><\/td>\n<td>Google Analytics \u00e8 un servizio di analisi web fornito da Google Inc. (\u201cGoogle\u201d). Google utilizza i Dati Personali raccolti allo scopo di tracciare ed esaminare l&#8217;utilizzo di questa Applicazione, compilare report e condividerli con gli altri servizi sviluppati da Google.<br \/>\nGoogle potrebbe utilizzare i Dati Personali per contestualizzare e personalizzare gli annunci del proprio network pubblicitario (script impostato per il tracciamento in forma anonima)<\/td>\n<td>Cookie e dati di utilizzo<\/td>\n<td>USA<br \/>\n<a class=\"ext-link\" href=\"https:\/\/www.google.com\/intl\/it\/policies\/privacy\/\" target=\"_blank\" rel=\"external nofollow noopener\">Privacy Policy<br \/>\n<\/a><a class=\"ext-link\" href=\"https:\/\/tools.google.com\/dlpage\/gaoptout?hl=it\" target=\"_blank\" rel=\"external nofollow noopener\">Opt Out<\/a><\/td>\n<\/tr>\n<tr>\n<td><strong>Video Youtube<\/strong><br \/>\n<strong>(Google Inc.)<\/strong><\/td>\n<td>Youtube \u00e8 un servizio di visualizzazione di contenuti video gestito da Google Inc. che permette a questa Applicazione di integrare tali contenuti all&#8217;interno delle proprie pagine<\/td>\n<td>Cookie e dati di utilizzo<\/td>\n<td>USA<br \/>\n<a class=\"ext-link\" href=\"https:\/\/www.google.it\/intl\/it\/policies\/privacy\/\" target=\"_blank\" rel=\"external nofollow noopener\">Privacy Policy<\/a><\/td>\n<\/tr>\n<tr>\n<td><strong>Video Vimeo<\/strong><br \/>\n<strong>(Vimeo, LLC)<\/strong><\/td>\n<td>Vimeo \u00e8 un servizio di visualizzazione di contenuti video gestito da Vimeo, LLC che permette a questa Applicazione di integrare tali contenuti all&#8217;interno delle proprie pagine<\/td>\n<td>Cookie e dati di utilizzo<\/td>\n<td>USA<br \/>\n<a class=\"ext-link\" href=\"https:\/\/vimeo.com\/privacy\" target=\"_blank\" rel=\"external nofollow noopener\">Privacy Policy<\/a><\/td>\n<\/tr>\n<tr>\n<td><strong>Google Fonts<\/strong><br \/>\n<strong>(Google Inc.)<\/strong><\/td>\n<td>Google Fonts \u00e8 un servizio di visualizzazione di stili di carattere gestito da Google Inc. che permette a questa Applicazione di integrare tali contenuti all&#8217;interno delle proprie pagine<\/td>\n<td>Cookie e dati di utilizzo<\/td>\n<td>USA<br \/>\n<a class=\"ext-link\" href=\"https:\/\/www.google.it\/intl\/en\/policies\/privacy\/\" target=\"_blank\" rel=\"external nofollow noopener\">Privacy Policy<\/a><\/td>\n<\/tr>\n<tr>\n<td><strong>Google Maps<\/strong><br \/>\n<strong>(Google Inc.)<\/strong><\/td>\n<td>Google Maps \u00e8 un servizio di visualizzazione di mappe gestito da Google Inc. che permette a questa Applicazione di integrare tali contenuti all&#8217;interno delle proprie pagine.<\/td>\n<td>Cookie e dati di utilizzo<\/td>\n<td>USA<br \/>\n<a class=\"ext-link\" href=\"https:\/\/www.google.it\/intl\/it\/policies\/privacy\/\" target=\"_blank\" rel=\"external nofollow noopener\">Privacy Policy<\/a><\/td>\n<\/tr>\n<\/tbody>\n<\/table>\n<p>&nbsp;<\/p>\n<h3>Come disabilitare i cookie mediante configurazione del browser<\/h3>\n<ul>\n<li>Disabilitare i cookie su\u00a0<a href=\"https:\/\/support.mozilla.org\/it\/kb\/Attivare%20e%20disattivare%20i%20cookie\" target=\"_blank\" rel=\"noopener\">Firefox\u00a0<\/a><\/li>\n<li>Disabilitare i cookie su\u00a0<a href=\"https:\/\/www.google.com\/policies\/technologies\/managing\/\" target=\"_blank\" rel=\"noopener\">Chrome<\/a><\/li>\n<li>Disabilitare i cookie su\u00a0<a href=\"https:\/\/windows.microsoft.com\/it-it\/internet-explorer\/delete-manage-cookies#ie=ie-11\" target=\"_blank\" rel=\"noopener\">Internet Explorer<\/a><\/li>\n<li>Disabilitare i cookie su\u00a0<a href=\"https:\/\/support.apple.com\/kb\/HT1677?viewlocale=it_IT&amp;locale=it_IT\" target=\"_blank\" rel=\"noopener\">Safari\u00a0<\/a><\/li>\n<li>Disabilitare i cookie su\u00a0<a href=\"https:\/\/help.opera.com\/Mac\/12.10\/it\/cookies.html\" target=\"_blank\" rel=\"noopener\">Opera<\/a><\/li>\n<\/ul>\n<p>&nbsp;<\/p>\n<h3>Come eliminare i cookie mediante configurazione del browser<\/h3>\n<ul>\n<li>Eliminare i cookie su\u00a0<a href=\"https:\/\/support.mozilla.org\/it\/kb\/Eliminare%20i%20cookie\" target=\"_blank\" rel=\"noopener\">Firefox<\/a><\/li>\n<li>Eliminare i cookie su\u00a0<a href=\"https:\/\/support.google.com\/accounts\/answer\/32050?hl=it\" target=\"_blank\" rel=\"noopener\">Chrome<\/a><\/li>\n<li>Eliminare i cookie su\u00a0<a href=\"https:\/\/support.microsoft.com\/it-it\/kb\/278835\" target=\"_blank\" rel=\"noopener\">Internet Explorer<\/a><\/li>\n<li>Eliminare i cookie su\u00a0<a href=\"https:\/\/help.apple.com\/safari\/mac\/8.0\/#\/sfri47acf5d6\" target=\"_blank\" rel=\"noopener\">Safari<\/a><\/li>\n<li>Eliminare i cookie su\u00a0<a href=\"https:\/\/help.opera.com\/Windows\/12.10\/it\/cookies.html\" target=\"_blank\" rel=\"noopener\">Opera<\/a><\/li>\n<\/ul>\n<p>&nbsp;<\/p>\n<h3>Come disabilitare i cookie di servizi di terzi<\/h3>\n<ul>\n<li><a href=\"https:\/\/www.google.com\/ads\/preferences\/?hl=it\" target=\"_blank\" rel=\"nofollow noopener\">Servizi di Google<\/a><\/li>\n<li><a href=\"https:\/\/www.facebook.com\/help\/cookies?ref_type=sitefooter\" target=\"_blank\" rel=\"nofollow noopener\">Facebook<\/a><\/li>\n<li><a href=\"https:\/\/support.twitter.com\/articles\/20170519-uso-dei-cookie-e-di-altre-tecnologie-simili-da-parte-di-twitter\" target=\"_blank\" rel=\"nofollow noopener\">Twitter<\/a><\/li>\n<\/ul>\n<p>&nbsp;<\/p>\n<h3>Eliminazione dei Cookie Flash<\/h3>\n<ul>\n<li><a href=\"https:\/\/www.macromedia.com\/support\/documentation\/en\/flashplayer\/help\/settings_manager07.html\" target=\"_blank\" rel=\"noopener\">Flash Player<\/a><\/li>\n<\/ul>\n<p>&nbsp;<\/p>\n<h3>Gestione generale cookie di terze parti<\/h3>\n<ul>\n<li><a href=\"https:\/\/www.youronlinechoices.com\/it\/\" target=\"_blank\" rel=\"noopener\">https:\/\/www.youronlinechoices.com\/it\/<\/a><\/li>\n<\/ul>\n","protected":false},"excerpt":{"rendered":"<p>Privacy Policy Il sito WEB utilizza i cookies per offrire i propri servizi semplici e efficienti agli Utenti durante la consultazione delle sue pagine. Le tabelle riportate di seguito riepilogano i diversi tipi di cookie che potrebbero essere utilizzati sul Sito, insieme alla loro rispettiva funzione e durata (ovvero per quanto tempo ciascun cookie rimarr\u00e0 [&hellip;]<\/p>\n","protected":false},"author":1,"featured_media":0,"parent":0,"menu_order":0,"comment_status":"closed","ping_status":"closed","template":"","meta":{"footnotes":""},"class_list":["post-27371","page","type-page","status-publish","hentry"],"yoast_head":"<!-- This site is optimized with the Yoast SEO plugin v20.13 - https:\/\/yoast.com\/wordpress\/plugins\/seo\/ -->\n<title>Privacy Policy - Vakantie in Umbrie Agriturismo<\/title>\n<meta name=\"robots\" content=\"index, follow, max-snippet:-1, max-image-preview:large, max-video-preview:-1\" \/>\n<link rel=\"canonical\" href=\"https:\/\/lariete.org\/nl\/cookie-policy\/\" \/>\n<meta property=\"og:locale\" content=\"nl_NL\" \/>\n<meta property=\"og:type\" content=\"article\" \/>\n<meta property=\"og:title\" content=\"Privacy Policy - Vakantie in Umbrie Agriturismo\" \/>\n<meta property=\"og:description\" content=\"Privacy Policy Il sito WEB utilizza i cookies per offrire i propri servizi semplici e efficienti agli Utenti durante la consultazione delle sue pagine. Le tabelle riportate di seguito riepilogano i diversi tipi di cookie che potrebbero essere utilizzati sul Sito, insieme alla loro rispettiva funzione e durata (ovvero per quanto tempo ciascun cookie rimarr\u00e0 [&hellip;]\" \/>\n<meta property=\"og:url\" content=\"https:\/\/lariete.org\/nl\/cookie-policy\/\" \/>\n<meta property=\"og:site_name\" content=\"Vakantie in Umbrie Agriturismo\" \/>\n<meta property=\"article:publisher\" content=\"https:\/\/www.facebook.com\/vacationinumbria\" \/>\n<meta property=\"article:modified_time\" content=\"2018-08-28T15:42:21+00:00\" \/>\n<meta name=\"twitter:label1\" content=\"Geschatte leestijd\" \/>\n\t<meta name=\"twitter:data1\" content=\"8 minuten\" \/>\n<script type=\"application\/ld+json\" class=\"yoast-schema-graph\">{\"@context\":\"https:\/\/schema.org\",\"@graph\":[{\"@type\":\"WebPage\",\"@id\":\"https:\/\/lariete.org\/nl\/cookie-policy\/\",\"url\":\"https:\/\/lariete.org\/nl\/cookie-policy\/\",\"name\":\"Privacy Policy - Vakantie in Umbrie Agriturismo\",\"isPartOf\":{\"@id\":\"https:\/\/lariete.org\/#website\"},\"datePublished\":\"2018-05-24T19:16:50+00:00\",\"dateModified\":\"2018-08-28T15:42:21+00:00\",\"breadcrumb\":{\"@id\":\"https:\/\/lariete.org\/nl\/cookie-policy\/#breadcrumb\"},\"inLanguage\":\"nl-NL\",\"potentialAction\":[{\"@type\":\"ReadAction\",\"target\":[\"https:\/\/lariete.org\/nl\/cookie-policy\/\"]}]},{\"@type\":\"BreadcrumbList\",\"@id\":\"https:\/\/lariete.org\/nl\/cookie-policy\/#breadcrumb\",\"itemListElement\":[{\"@type\":\"ListItem\",\"position\":1,\"name\":\"Home\",\"item\":\"https:\/\/lariete.org\/nl\/home-backupseite\/\"},{\"@type\":\"ListItem\",\"position\":2,\"name\":\"Privacy Policy\"}]},{\"@type\":\"WebSite\",\"@id\":\"https:\/\/lariete.org\/#website\",\"url\":\"https:\/\/lariete.org\/\",\"name\":\"Urlaub am Agriturismo in Umbrien\",\"description\":\"vakantie-appartementen met zwembad\",\"potentialAction\":[{\"@type\":\"SearchAction\",\"target\":{\"@type\":\"EntryPoint\",\"urlTemplate\":\"https:\/\/lariete.org\/?s={search_term_string}\"},\"query-input\":\"required name=search_term_string\"}],\"inLanguage\":\"nl-NL\"}]}<\/script>\n<!-- \/ Yoast SEO plugin. -->","yoast_head_json":{"title":"Privacy Policy - Vakantie in Umbrie Agriturismo","robots":{"index":"index","follow":"follow","max-snippet":"max-snippet:-1","max-image-preview":"max-image-preview:large","max-video-preview":"max-video-preview:-1"},"canonical":"https:\/\/lariete.org\/nl\/cookie-policy\/","og_locale":"nl_NL","og_type":"article","og_title":"Privacy Policy - Vakantie in Umbrie Agriturismo","og_description":"Privacy Policy Il sito WEB utilizza i cookies per offrire i propri servizi semplici e efficienti agli Utenti durante la consultazione delle sue pagine. Le tabelle riportate di seguito riepilogano i diversi tipi di cookie che potrebbero essere utilizzati sul Sito, insieme alla loro rispettiva funzione e durata (ovvero per quanto tempo ciascun cookie rimarr\u00e0 [&hellip;]","og_url":"https:\/\/lariete.org\/nl\/cookie-policy\/","og_site_name":"Vakantie in Umbrie Agriturismo","article_publisher":"https:\/\/www.facebook.com\/vacationinumbria","article_modified_time":"2018-08-28T15:42:21+00:00","twitter_misc":{"Geschatte leestijd":"8 minuten"},"schema":{"@context":"https:\/\/schema.org","@graph":[{"@type":"WebPage","@id":"https:\/\/lariete.org\/nl\/cookie-policy\/","url":"https:\/\/lariete.org\/nl\/cookie-policy\/","name":"Privacy Policy - Vakantie in Umbrie Agriturismo","isPartOf":{"@id":"https:\/\/lariete.org\/#website"},"datePublished":"2018-05-24T19:16:50+00:00","dateModified":"2018-08-28T15:42:21+00:00","breadcrumb":{"@id":"https:\/\/lariete.org\/nl\/cookie-policy\/#breadcrumb"},"inLanguage":"nl-NL","potentialAction":[{"@type":"ReadAction","target":["https:\/\/lariete.org\/nl\/cookie-policy\/"]}]},{"@type":"BreadcrumbList","@id":"https:\/\/lariete.org\/nl\/cookie-policy\/#breadcrumb","itemListElement":[{"@type":"ListItem","position":1,"name":"Home","item":"https:\/\/lariete.org\/nl\/home-backupseite\/"},{"@type":"ListItem","position":2,"name":"Privacy Policy"}]},{"@type":"WebSite","@id":"https:\/\/lariete.org\/#website","url":"https:\/\/lariete.org\/","name":"Urlaub am Agriturismo in Umbrien","description":"vakantie-appartementen met zwembad","potentialAction":[{"@type":"SearchAction","target":{"@type":"EntryPoint","urlTemplate":"https:\/\/lariete.org\/?s={search_term_string}"},"query-input":"required name=search_term_string"}],"inLanguage":"nl-NL"}]}},"_links":{"self":[{"href":"https:\/\/lariete.org\/nl\/wp-json\/wp\/v2\/pages\/27371","targetHints":{"allow":["GET"]}}],"collection":[{"href":"https:\/\/lariete.org\/nl\/wp-json\/wp\/v2\/pages"}],"about":[{"href":"https:\/\/lariete.org\/nl\/wp-json\/wp\/v2\/types\/page"}],"author":[{"embeddable":true,"href":"https:\/\/lariete.org\/nl\/wp-json\/wp\/v2\/users\/1"}],"replies":[{"embeddable":true,"href":"https:\/\/lariete.org\/nl\/wp-json\/wp\/v2\/comments?post=27371"}],"version-history":[{"count":0,"href":"https:\/\/lariete.org\/nl\/wp-json\/wp\/v2\/pages\/27371\/revisions"}],"wp:attachment":[{"href":"https:\/\/lariete.org\/nl\/wp-json\/wp\/v2\/media?parent=27371"}],"curies":[{"name":"wp","href":"https:\/\/api.w.org\/{rel}","templated":true}]}}